{"id":1346,"date":"2026-03-06T01:02:07","date_gmt":"2026-03-06T01:02:07","guid":{"rendered":"https:\/\/kozy.ec\/?page_id=1346"},"modified":"2026-03-06T01:16:28","modified_gmt":"2026-03-06T01:16:28","slug":"bio","status":"publish","type":"page","link":"https:\/\/kozy.ec\/es\/bio\/","title":{"rendered":"Bio"},"content":{"rendered":"<div class=\"wpb-content-wrapper\"><div class=\"vc_row wpb_row vc_row-fluid vc_row-o-full-height vc_row-o-columns-top vc_row-o-equal-height vc_row-flex wd-rs-69aa276dec1e8\"><div class=\"wpb_column vc_column_container vc_col-sm-3\"><div class=\"vc_column-inner\"><div class=\"wpb_wrapper\"><\/div><\/div><\/div><div class=\"wpb_column vc_column_container vc_col-sm-6\"><div class=\"vc_column-inner\"><div class=\"wpb_wrapper\">\n\t\t<div id=\"wd-69aa27b18364a\" class=\"title-wrapper wd-wpb set-mb-s reset-last-child  wd-rs-69aa27b18364a wd-title-color-primary wd-title-style-simple text-center  wd-underline-colored\">\n\t\t\t\n\t\t\t<div class=\"liner-continer\">\n\t\t\t\t<h4 class=\"woodmart-title-container title  wd-font-weight- wd-fontsize-xxl\" >Encuentra la mejor forma de contactarnos<\/h4>\n\t\t\t\t\t\t\t<\/div>\n\t\t\t\n\t\t\t\n\t\t\t\n\t\t<\/div>\n\t\t\n\t\t<div id=\"wd-69aa29bb8d9c4\" class=\"wd-rs-69aa29bb8d9c4 vc_custom_1772759489608 wd-button-wrapper text-center\"><a href=\"https:\/\/kozy.ec\/wp-content\/uploads\/2026\/03\/Kozy-Catalogo-Seats_2026.pdf\" title=\"\" class=\"btn btn-color-primary btn-style-default btn-style-semi-round btn-size-large btn-full-width btn-icon-pos-left\">CAT\u00c1LOGO DE SILLAS 2026<span class=\"wd-btn-icon\"><span class=\"wd-icon fa fa-solid fa-chair\"><\/span><\/span><\/a><\/div><div id=\"wd-69aa29c671040\" class=\"wd-rs-69aa29c671040 vc_custom_1772759500394 wd-button-wrapper text-center\"><a href=\"https:\/\/share.google\/LqjNq4jHlsP7QXCG9\" title=\"\" class=\"btn btn-color-alt btn-style-default btn-style-semi-round btn-size-large btn-full-width btn-icon-pos-left\">Ubicaci\u00f3n<span class=\"wd-btn-icon\"><span class=\"wd-icon fa fa-solid fa-location-pin\"><\/span><\/span><\/a><\/div><div id=\"wd-69aa29d24a2e1\" class=\"wd-rs-69aa29d24a2e1 vc_custom_1772759510831 wd-button-wrapper text-center\"><a href=\"https:\/\/kozy.ec\/es\/tienda\/\" title=\"\" class=\"btn btn-color-alt btn-style-default btn-style-semi-round btn-size-large btn-full-width btn-icon-pos-left\">Tienda Virtual<span class=\"wd-btn-icon\"><span class=\"wd-icon fa fa-solid fa-cart-shopping\"><\/span><\/span><\/a><\/div><div id=\"wd-69aa2ac79a1c1\" class=\"wd-rs-69aa2ac79a1c1 vc_custom_1772759780223 wd-button-wrapper text-center\"><a href=\"https:\/\/kozy.ec\/es\/asesoria\/\" title=\"\" class=\"btn btn-color-alt btn-style-default btn-style-semi-round btn-size-large btn-full-width btn-icon-pos-left\">Asesor\u00eda 1:1<span class=\"wd-btn-icon\"><span class=\"wd-icon fa fa-regular fa-star\"><\/span><\/span><\/a><\/div><div id=\"wd-69aa29e6449ec\" class=\"wd-rs-69aa29e6449ec vc_custom_1772759548578 wd-button-wrapper text-center\"><a href=\"https:\/\/wa.link\/oi45bm\" title=\"\" class=\"btn btn-scheme-light btn-scheme-hover-light btn-style-default btn-style-semi-round btn-size-large btn-full-width btn-icon-pos-left\">Whatsapp<span class=\"wd-btn-icon\"><span class=\"wd-icon fa fa-brands fa-whatsapp\"><\/span><\/span><\/a><\/div><div class=\"vc_separator wpb_content_element vc_separator_align_center vc_sep_width_100 vc_sep_pos_align_center vc_separator_no_text vc_sep_color_grey\" ><span class=\"vc_sep_holder vc_sep_holder_l\"><span class=\"vc_sep_line\"><\/span><\/span><span class=\"vc_sep_holder vc_sep_holder_r\"><span class=\"vc_sep_line\"><\/span><\/span>\n<\/div>\n\t\t\t<div class=\"wd-rs-69aa28fe11c42 wd-social-icons  icons-design-simple icons-size-default color-scheme-dark social-follow social-form-rounded text-center\">\n\n\t\t\t\t\n\t\t\t\t\t\t\t\t\t<a rel=\"noopener noreferrer nofollow\" href=\"https:\/\/www.facebook.com\/kozyecuador\" target=\"_blank\" class=\"wd-social-icon social-facebook\" aria-label=\"Facebook social link\">\n\t\t\t\t\t\t<span class=\"wd-icon\"><\/span>\n\t\t\t\t\t\t\t\t\t\t\t<\/a>\n\t\t\t\t\n\t\t\t\t\n\t\t\t\t\t\t\t\t\t<a rel=\"noopener noreferrer nofollow\" href=\"mailto:?subject=Check%20this%20https:\/\/kozy.ec\/es\/bio\/\" target=\"_blank\" class=\"wd-social-icon social-email\" aria-label=\"Email social link\">\n\t\t\t\t\t\t<span class=\"wd-icon\"><\/span>\n\t\t\t\t\t\t\t\t\t\t\t<\/a>\n\t\t\t\t\n\t\t\t\t\t\t\t\t\t<a rel=\"noopener noreferrer nofollow\" href=\"https:\/\/www.instagram.com\/kozy.ec\" target=\"_blank\" class=\"wd-social-icon social-instagram\" aria-label=\"Instagram social link\">\n\t\t\t\t\t\t<span class=\"wd-icon\"><\/span>\n\t\t\t\t\t\t\t\t\t\t\t<\/a>\n\t\t\t\t\n\t\t\t\t\n\t\t\t\t\n\t\t\t\t\n\t\t\t\t\n\t\t\t\t\n\t\t\t\t\n\t\t\t\t\n\t\t\t\t\n\t\t\t\t\n\t\t\t\t\n\t\t\t\t\n\t\t\t\t\n\t\t\t\t\t\t\t\t\t<a rel=\"noopener noreferrer nofollow\" href=\"https:\/\/wa.link\/k0p3jr\" target=\"_blank\" class=\"whatsapp-desktop  wd-social-icon social-whatsapp\" aria-label=\"WhatsApp social link\">\n\t\t\t\t\t\t<span class=\"wd-icon\"><\/span>\n\t\t\t\t\t\t\t\t\t\t\t<\/a>\n\t\t\t\t\t\n\t\t\t\t\t<a rel=\"noopener noreferrer nofollow\" href=\"https:\/\/wa.link\/k0p3jr\" target=\"_blank\" class=\"whatsapp-mobile  wd-social-icon social-whatsapp\" aria-label=\"WhatsApp social link\">\n\t\t\t\t\t\t<span class=\"wd-icon\"><\/span>\n\t\t\t\t\t\t\t\t\t\t\t<\/a>\n\t\t\t\t\n\t\t\t\t\t\t\t\t\n\t\t\t\t\t\t\t\t\n\t\t\t\t\t\t\t\t\t<a rel=\"noopener noreferrer nofollow\" href=\"https:\/\/www.tiktok.com\/@kozy.ec\" target=\"_blank\" class=\"wd-social-icon social-tiktok\" aria-label=\"TikTok social link\">\n\t\t\t\t\t\t<span class=\"wd-icon\"><\/span>\n\t\t\t\t\t\t\t\t\t\t\t<\/a>\n\t\t\t\t\n\t\t\t\t\n\t\t\t\t\n\t\t\t\t\t\t\t\t\n\t\t\t\t\n\t\t\t<\/div>\n\n\t\t<\/div><\/div><\/div><div class=\"wpb_column vc_column_container vc_col-sm-3\"><div class=\"vc_column-inner\"><div class=\"wpb_wrapper\"><\/div><\/div><\/div><\/div>\n<\/div>","protected":false},"excerpt":{"rendered":"Encuentra la mejor forma de contactarnos CAT\u00c1LOGO DE SILLAS 2026Ubicaci\u00f3nTienda VirtualAsesor\u00eda 1:1Whatsapp","protected":false},"author":3,"featured_media":0,"parent":0,"menu_order":0,"comment_status":"closed","ping_status":"closed","template":"","meta":{"footnotes":""},"class_list":["post-1346","page","type-page","status-publish","hentry"],"yoast_head":"<!-- This site is optimized with the Yoast SEO plugin v27.5 - https:\/\/yoast.com\/product\/yoast-seo-wordpress\/ -->\n<title>Bio - Kozy<\/title>\n<meta name=\"robots\" content=\"index, follow, max-snippet:-1, max-image-preview:large, max-video-preview:-1\" \/>\n<link rel=\"canonical\" href=\"https:\/\/kozy.ec\/es\/bio\/\" \/>\n<meta property=\"og:locale\" content=\"es_ES\" \/>\n<meta property=\"og:type\" content=\"article\" \/>\n<meta property=\"og:title\" content=\"Bio - Kozy\" \/>\n<meta property=\"og:url\" content=\"https:\/\/kozy.ec\/es\/bio\/\" \/>\n<meta property=\"og:site_name\" content=\"Kozy\" \/>\n<meta property=\"article:publisher\" content=\"https:\/\/www.facebook.com\/kozyecuador\" \/>\n<meta property=\"article:modified_time\" content=\"2026-03-06T01:16:28+00:00\" \/>\n<meta name=\"twitter:card\" content=\"summary_large_image\" \/>\n<meta name=\"twitter:label1\" content=\"Tiempo de lectura\" \/>\n\t<meta name=\"twitter:data1\" content=\"1 minuto\" \/>\n<script type=\"application\/ld+json\" class=\"yoast-schema-graph\">{\"@context\":\"https:\\\/\\\/schema.org\",\"@graph\":[{\"@type\":\"WebPage\",\"@id\":\"https:\\\/\\\/kozy.ec\\\/bio\\\/\",\"url\":\"https:\\\/\\\/kozy.ec\\\/bio\\\/\",\"name\":\"Bio - Kozy\",\"isPartOf\":{\"@id\":\"https:\\\/\\\/kozy.ec\\\/#website\"},\"datePublished\":\"2026-03-06T01:02:07+00:00\",\"dateModified\":\"2026-03-06T01:16:28+00:00\",\"breadcrumb\":{\"@id\":\"https:\\\/\\\/kozy.ec\\\/bio\\\/#breadcrumb\"},\"inLanguage\":\"es\",\"potentialAction\":[{\"@type\":\"ReadAction\",\"target\":[\"https:\\\/\\\/kozy.ec\\\/bio\\\/\"]}]},{\"@type\":\"BreadcrumbList\",\"@id\":\"https:\\\/\\\/kozy.ec\\\/bio\\\/#breadcrumb\",\"itemListElement\":[{\"@type\":\"ListItem\",\"position\":1,\"name\":\"Inicio\",\"item\":\"https:\\\/\\\/kozy.ec\\\/\"},{\"@type\":\"ListItem\",\"position\":2,\"name\":\"Bio\"}]},{\"@type\":\"WebSite\",\"@id\":\"https:\\\/\\\/kozy.ec\\\/#website\",\"url\":\"https:\\\/\\\/kozy.ec\\\/\",\"name\":\"Kozy\",\"description\":\"Deco &amp; Seats\",\"publisher\":{\"@id\":\"https:\\\/\\\/kozy.ec\\\/#organization\"},\"potentialAction\":[{\"@type\":\"SearchAction\",\"target\":{\"@type\":\"EntryPoint\",\"urlTemplate\":\"https:\\\/\\\/kozy.ec\\\/?s={search_term_string}\"},\"query-input\":{\"@type\":\"PropertyValueSpecification\",\"valueRequired\":true,\"valueName\":\"search_term_string\"}}],\"inLanguage\":\"es\"},{\"@type\":\"Organization\",\"@id\":\"https:\\\/\\\/kozy.ec\\\/#organization\",\"name\":\"Kozy\",\"url\":\"https:\\\/\\\/kozy.ec\\\/\",\"logo\":{\"@type\":\"ImageObject\",\"inLanguage\":\"es\",\"@id\":\"https:\\\/\\\/kozy.ec\\\/#\\\/schema\\\/logo\\\/image\\\/\",\"url\":\"https:\\\/\\\/kozy.ec\\\/wp-content\\\/uploads\\\/2024\\\/11\\\/kozy-logo-web.png\",\"contentUrl\":\"https:\\\/\\\/kozy.ec\\\/wp-content\\\/uploads\\\/2024\\\/11\\\/kozy-logo-web.png\",\"width\":256,\"height\":80,\"caption\":\"Kozy\"},\"image\":{\"@id\":\"https:\\\/\\\/kozy.ec\\\/#\\\/schema\\\/logo\\\/image\\\/\"},\"sameAs\":[\"https:\\\/\\\/www.facebook.com\\\/kozyecuador\",\"https:\\\/\\\/www.instagram.com\\\/kozy.ec\",\"https:\\\/\\\/www.tiktok.com\\\/@kozy.ec\"]}]}<\/script>\n<!-- \/ Yoast SEO plugin. -->","yoast_head_json":{"title":"Bio - Kozy","robots":{"index":"index","follow":"follow","max-snippet":"max-snippet:-1","max-image-preview":"max-image-preview:large","max-video-preview":"max-video-preview:-1"},"canonical":"https:\/\/kozy.ec\/es\/bio\/","og_locale":"es_ES","og_type":"article","og_title":"Bio - Kozy","og_url":"https:\/\/kozy.ec\/es\/bio\/","og_site_name":"Kozy","article_publisher":"https:\/\/www.facebook.com\/kozyecuador","article_modified_time":"2026-03-06T01:16:28+00:00","twitter_card":"summary_large_image","twitter_misc":{"Tiempo de lectura":"1 minuto"},"schema":{"@context":"https:\/\/schema.org","@graph":[{"@type":"WebPage","@id":"https:\/\/kozy.ec\/bio\/","url":"https:\/\/kozy.ec\/bio\/","name":"Bio - Kozy","isPartOf":{"@id":"https:\/\/kozy.ec\/#website"},"datePublished":"2026-03-06T01:02:07+00:00","dateModified":"2026-03-06T01:16:28+00:00","breadcrumb":{"@id":"https:\/\/kozy.ec\/bio\/#breadcrumb"},"inLanguage":"es","potentialAction":[{"@type":"ReadAction","target":["https:\/\/kozy.ec\/bio\/"]}]},{"@type":"BreadcrumbList","@id":"https:\/\/kozy.ec\/bio\/#breadcrumb","itemListElement":[{"@type":"ListItem","position":1,"name":"Inicio","item":"https:\/\/kozy.ec\/"},{"@type":"ListItem","position":2,"name":"Bio"}]},{"@type":"WebSite","@id":"https:\/\/kozy.ec\/#website","url":"https:\/\/kozy.ec\/","name":"Kozy","description":"Deco &amp; Seats","publisher":{"@id":"https:\/\/kozy.ec\/#organization"},"potentialAction":[{"@type":"SearchAction","target":{"@type":"EntryPoint","urlTemplate":"https:\/\/kozy.ec\/?s={search_term_string}"},"query-input":{"@type":"PropertyValueSpecification","valueRequired":true,"valueName":"search_term_string"}}],"inLanguage":"es"},{"@type":"Organization","@id":"https:\/\/kozy.ec\/#organization","name":"Kozy","url":"https:\/\/kozy.ec\/","logo":{"@type":"ImageObject","inLanguage":"es","@id":"https:\/\/kozy.ec\/#\/schema\/logo\/image\/","url":"https:\/\/kozy.ec\/wp-content\/uploads\/2024\/11\/kozy-logo-web.png","contentUrl":"https:\/\/kozy.ec\/wp-content\/uploads\/2024\/11\/kozy-logo-web.png","width":256,"height":80,"caption":"Kozy"},"image":{"@id":"https:\/\/kozy.ec\/#\/schema\/logo\/image\/"},"sameAs":["https:\/\/www.facebook.com\/kozyecuador","https:\/\/www.instagram.com\/kozy.ec","https:\/\/www.tiktok.com\/@kozy.ec"]}]}},"jetpack_sharing_enabled":true,"_links":{"self":[{"href":"https:\/\/kozy.ec\/es\/wp-json\/wp\/v2\/pages\/1346","targetHints":{"allow":["GET"]}}],"collection":[{"href":"https:\/\/kozy.ec\/es\/wp-json\/wp\/v2\/pages"}],"about":[{"href":"https:\/\/kozy.ec\/es\/wp-json\/wp\/v2\/types\/page"}],"author":[{"embeddable":true,"href":"https:\/\/kozy.ec\/es\/wp-json\/wp\/v2\/users\/3"}],"replies":[{"embeddable":true,"href":"https:\/\/kozy.ec\/es\/wp-json\/wp\/v2\/comments?post=1346"}],"version-history":[{"count":7,"href":"https:\/\/kozy.ec\/es\/wp-json\/wp\/v2\/pages\/1346\/revisions"}],"predecessor-version":[{"id":1355,"href":"https:\/\/kozy.ec\/es\/wp-json\/wp\/v2\/pages\/1346\/revisions\/1355"}],"wp:attachment":[{"href":"https:\/\/kozy.ec\/es\/wp-json\/wp\/v2\/media?parent=1346"}],"curies":[{"name":"wp","href":"https:\/\/api.w.org\/{rel}","templated":true}]}}