{"id":18,"date":"2023-06-06T11:00:13","date_gmt":"2023-06-06T11:00:13","guid":{"rendered":"https:\/\/dummy.xtemos.com\/woodmart2\/furniture2\/?page_id=18"},"modified":"2025-01-13T17:21:25","modified_gmt":"2025-01-13T17:21:25","slug":"about-us","status":"publish","type":"page","link":"https:\/\/kozy.ec\/es\/about-us\/","title":{"rendered":"Acerca de Kozy"},"content":{"rendered":"<div class=\"wpb-content-wrapper\"><div class=\"vc_row wpb_row vc_row-fluid vc_custom_1733429077440 vc_column-gap-35 vc_row-o-equal-height vc_row-o-content-middle vc_row-flex wd-rs-67520735257bd\"><div class=\"wpb_column vc_column_container vc_col-sm-4\"><div class=\"vc_column-inner\"><div class=\"wpb_wrapper\">\n\t\t<div id=\"wd-67520f119b8e5\" class=\"title-wrapper wd-wpb set-mb-s reset-last-child  wd-rs-67520f119b8e5 wd-title-color-primary wd-title-style-simple text-left vc_custom_1733431062278 wd-underline-colored\">\n\t\t\t\n\t\t\t<div class=\"liner-continer\">\n\t\t\t\t<h4 class=\"woodmart-title-container title  wd-font-weight-400 wd-fontsize-xxl\" >Conoce nuestra historia<\/h4>\n\t\t\t\t\t\t\t<\/div>\n\t\t\t\n\t\t\t\n\t\t\t\n\t\t<\/div>\n\t\t\n\t\t\t\t<div id=\"wd-673ccf843ce03\" class=\"wd-text-block wd-wpb reset-last-child wd-rs-673ccf843ce03 text-left vc_custom_1732038551549\">\n\t\t\t<p align=\"justify\">Soy Ana Grunauer, fundadora de Kozy, un estudio de dise\u00f1o interior nacido en 2013 y consolidado en 2020 como un referente en la creaci\u00f3n de espacios \u00fanicos y funcionales. Mi pasi\u00f3n por transformar ambientes en experiencias de vida me llev\u00f3 a especializarme en proyectos personalizados, fusionando est\u00e9tica contempor\u00e1nea con soluciones pr\u00e1cticas que reflejan la esencia de cada cliente. Con un enfoque en la atenci\u00f3n al detalle y el uso de materiales de alta calidad, Kozy no solo crea muebles a medida, sino tambi\u00e9n historias que enriquecen los hogares y negocios de nuestros clientes.<\/p>\n\t\t<\/div>\n\t\t<\/div><\/div><\/div><div class=\"wpb_column vc_column_container vc_col-sm-4\"><div class=\"vc_column-inner\"><div class=\"wpb_wrapper\">\t\t<div id=\"wd-67854a91c52dd\" class=\"wd-image wd-wpb wd-rs-67854a91c52dd text-center\">\n\t\t\t\n\t\t\t<img loading=\"lazy\" decoding=\"async\" width=\"1003\" height=\"1374\" src=\"https:\/\/kozy.ec\/wp-content\/uploads\/2025\/01\/DSC03314-1-scaled-e1736788876595.jpg\" class=\"attachment-full size-full\" alt=\"\" srcset=\"https:\/\/kozy.ec\/wp-content\/uploads\/2025\/01\/DSC03314-1-scaled-e1736788876595.jpg 1003w, https:\/\/kozy.ec\/wp-content\/uploads\/2025\/01\/DSC03314-1-scaled-e1736788876595-219x300.jpg 219w, https:\/\/kozy.ec\/wp-content\/uploads\/2025\/01\/DSC03314-1-scaled-e1736788876595-748x1024.jpg 748w, https:\/\/kozy.ec\/wp-content\/uploads\/2025\/01\/DSC03314-1-scaled-e1736788876595-768x1052.jpg 768w, https:\/\/kozy.ec\/wp-content\/uploads\/2025\/01\/DSC03314-1-scaled-e1736788876595-9x12.jpg 9w, https:\/\/kozy.ec\/wp-content\/uploads\/2025\/01\/DSC03314-1-scaled-e1736788876595-150x205.jpg 150w\" sizes=\"auto, (max-width: 1003px) 100vw, 1003px\" \/>\n\t\t\t\t\t<\/div>\n\t\t<\/div><\/div><\/div><div class=\"wpb_column vc_column_container vc_col-sm-4\"><div class=\"vc_column-inner\"><div class=\"wpb_wrapper\">\t\t<div id=\"wd-673ccfb6e0268\" class=\"wd-text-block wd-wpb reset-last-child wd-rs-673ccfb6e0268 text-left vc_custom_1732038593877\">\n\t\t\t<p align=\"justify\">En Kozy, ofrecemos un servicio integral que incluye dise\u00f1o de interiores, fabricaci\u00f3n de mobiliario exclusivo y decoraci\u00f3n final. Desde proyectos completos con moodboards y renders, hasta la fabricaci\u00f3n de muebles personalizados y la curadur\u00eda de acabados en nuestro \u201claboratorio de decoraci\u00f3n\u201d, cada etapa del proceso est\u00e1 dise\u00f1ada para garantizar resultados que superen expectativas. Tambi\u00e9n importamos sillas de dise\u00f1o contempor\u00e1neo y colaboramos con artistas como Patricia Meir, llevando el dise\u00f1o funcional al siguiente nivel. Nuestro compromiso es crear espacios donde las personas deseen estar siempre, reflejando un equilibrio perfecto entre estilo, funcionalidad y personalizaci\u00f3n.<\/p>\n\t\t<\/div>\n\t\t<\/div><\/div><\/div><\/div><div class=\"vc_row wpb_row vc_row-fluid vc_custom_1685544220957 wd-rs-64775d148231f\"><div class=\"wpb_column vc_column_container vc_col-sm-12\"><div class=\"vc_column-inner\"><div class=\"wpb_wrapper\"><div class=\"vc_row wpb_row vc_inner vc_row-fluid wd-custom-rounding vc_custom_1732040146416 vc_row-has-fill wd-rs-673cd58368adb\"><div class=\"wpb_column vc_column_container vc_col-sm-12 wd-rs-646e1bcf67902\"><div class=\"vc_column-inner vc_custom_1684937686871\"><div class=\"wpb_wrapper\">\n\t\t<div id=\"wd-673cd55511640\" class=\"title-wrapper wd-wpb set-mb-s reset-last-child  wd-rs-673cd55511640 wd-title-color-white wd-title-style-default text-center  wd-underline-colored\">\n\t\t\t\t\t\t\t<div class=\"title-subtitle  subtitle-color-white font-default subtitle-style-default wd-font-weight- wd-fontsize-xs\">Furniture collections<\/div>\n\t\t\t\n\t\t\t<div class=\"liner-continer\">\n\t\t\t\t<h4 class=\"woodmart-title-container title  wd-font-weight- wd-fontsize-xxl\" >\u00a1Hagamos negocios juntos!<\/h4>\n\t\t\t\t\t\t\t<\/div>\n\t\t\t\n\t\t\t\n\t\t\t\n\t\t<\/div>\n\t\t\n\t\t\t\t<div class=\"wd-el-video wd-wpb wd-rs-673cd61d83dc9 wd-action-play wd-video-youtube vc_custom_1732040226131 text-center\">\n\t\t\t\n\t\t\t\n\t\t\t\t\t\t\t<a href=\"http:\/\/www.youtube.com\/watch?v=DHM46tYrxVY\" class=\"wd-el-video-btn\">\n\t\t\t\t\t<span class=\"wd-el-video-play-btn\"><\/span>\n\t\t\t\t\t\t\t\t\t<\/a>\n\t\t\t\n\t\t\t\t\t<\/div>\n\t\t<\/div><\/div><\/div><\/div><\/div><\/div><\/div><\/div>\n<\/div>","protected":false},"excerpt":{"rendered":"Conoce nuestra historia Soy Ana Grunauer, fundadora de Kozy, un estudio de dise\u00f1o interior nacido en 2013 y consolidado en","protected":false},"author":3,"featured_media":0,"parent":0,"menu_order":0,"comment_status":"closed","ping_status":"closed","template":"","meta":{"footnotes":""},"class_list":["post-18","page","type-page","status-publish","hentry"],"yoast_head":"<!-- This site is optimized with the Yoast SEO plugin v27.3 - https:\/\/yoast.com\/product\/yoast-seo-wordpress\/ -->\n<title>Kozy by Ana Grunauer<\/title>\n<meta name=\"description\" content=\"Ana Grunauer es la fundadora de Kozy, destacada por su visi\u00f3n en dise\u00f1o interior, decoraci\u00f3n y tendencias arquitect\u00f3nicas innovadoras.\" \/>\n<meta name=\"robots\" content=\"index, follow, max-snippet:-1, max-image-preview:large, max-video-preview:-1\" \/>\n<link rel=\"canonical\" href=\"https:\/\/kozy.ec\/es\/about-us\/\" \/>\n<meta property=\"og:locale\" content=\"es_ES\" \/>\n<meta property=\"og:type\" content=\"article\" \/>\n<meta property=\"og:title\" content=\"Kozy by Ana Grunauer\" \/>\n<meta property=\"og:description\" content=\"Ana Grunauer es la fundadora de Kozy, destacada por su visi\u00f3n en dise\u00f1o interior, decoraci\u00f3n y tendencias arquitect\u00f3nicas innovadoras.\" \/>\n<meta property=\"og:url\" content=\"https:\/\/kozy.ec\/es\/about-us\/\" \/>\n<meta property=\"og:site_name\" content=\"Kozy\" \/>\n<meta property=\"article:publisher\" content=\"https:\/\/www.facebook.com\/kozyecuador\" \/>\n<meta property=\"article:modified_time\" content=\"2025-01-13T17:21:25+00:00\" \/>\n<meta property=\"og:image\" content=\"https:\/\/kozy.ec\/wp-content\/uploads\/2024\/12\/anita-grunauer-e1733838488959.jpeg\" \/>\n\t<meta property=\"og:image:width\" content=\"543\" \/>\n\t<meta property=\"og:image:height\" content=\"725\" \/>\n\t<meta property=\"og:image:type\" content=\"image\/jpeg\" \/>\n<meta name=\"twitter:card\" content=\"summary_large_image\" \/>\n<meta name=\"twitter:title\" content=\"Kozy by Ana Grunauer\" \/>\n<meta name=\"twitter:description\" content=\"Ana Grunauer es la fundadora de Kozy, destacada por su visi\u00f3n en dise\u00f1o interior, decoraci\u00f3n y tendencias arquitect\u00f3nicas innovadoras.\" \/>\n<meta name=\"twitter:image\" content=\"https:\/\/kozy.ec\/wp-content\/uploads\/2024\/12\/anita-grunauer-e1733838488959.jpeg\" \/>\n<meta name=\"twitter:label1\" content=\"Tiempo de lectura\" \/>\n\t<meta name=\"twitter:data1\" content=\"2 minutos\" \/>\n<script type=\"application\/ld+json\" class=\"yoast-schema-graph\">{\"@context\":\"https:\\\/\\\/schema.org\",\"@graph\":[{\"@type\":\"WebPage\",\"@id\":\"https:\\\/\\\/kozy.ec\\\/about-us\\\/\",\"url\":\"https:\\\/\\\/kozy.ec\\\/about-us\\\/\",\"name\":\"Kozy by Ana Grunauer\",\"isPartOf\":{\"@id\":\"https:\\\/\\\/kozy.ec\\\/#website\"},\"datePublished\":\"2023-06-06T11:00:13+00:00\",\"dateModified\":\"2025-01-13T17:21:25+00:00\",\"description\":\"Ana Grunauer es la fundadora de Kozy, destacada por su visi\u00f3n en dise\u00f1o interior, decoraci\u00f3n y tendencias arquitect\u00f3nicas innovadoras.\",\"breadcrumb\":{\"@id\":\"https:\\\/\\\/kozy.ec\\\/about-us\\\/#breadcrumb\"},\"inLanguage\":\"es\",\"potentialAction\":[{\"@type\":\"ReadAction\",\"target\":[\"https:\\\/\\\/kozy.ec\\\/about-us\\\/\"]}]},{\"@type\":\"BreadcrumbList\",\"@id\":\"https:\\\/\\\/kozy.ec\\\/about-us\\\/#breadcrumb\",\"itemListElement\":[{\"@type\":\"ListItem\",\"position\":1,\"name\":\"Inicio\",\"item\":\"https:\\\/\\\/kozy.ec\\\/\"},{\"@type\":\"ListItem\",\"position\":2,\"name\":\"Acerca de Kozy\"}]},{\"@type\":\"WebSite\",\"@id\":\"https:\\\/\\\/kozy.ec\\\/#website\",\"url\":\"https:\\\/\\\/kozy.ec\\\/\",\"name\":\"Kozy\",\"description\":\"Deco &amp; Seats\",\"publisher\":{\"@id\":\"https:\\\/\\\/kozy.ec\\\/#organization\"},\"potentialAction\":[{\"@type\":\"SearchAction\",\"target\":{\"@type\":\"EntryPoint\",\"urlTemplate\":\"https:\\\/\\\/kozy.ec\\\/?s={search_term_string}\"},\"query-input\":{\"@type\":\"PropertyValueSpecification\",\"valueRequired\":true,\"valueName\":\"search_term_string\"}}],\"inLanguage\":\"es\"},{\"@type\":\"Organization\",\"@id\":\"https:\\\/\\\/kozy.ec\\\/#organization\",\"name\":\"Kozy\",\"url\":\"https:\\\/\\\/kozy.ec\\\/\",\"logo\":{\"@type\":\"ImageObject\",\"inLanguage\":\"es\",\"@id\":\"https:\\\/\\\/kozy.ec\\\/#\\\/schema\\\/logo\\\/image\\\/\",\"url\":\"https:\\\/\\\/kozy.ec\\\/wp-content\\\/uploads\\\/2024\\\/11\\\/kozy-logo-web.png\",\"contentUrl\":\"https:\\\/\\\/kozy.ec\\\/wp-content\\\/uploads\\\/2024\\\/11\\\/kozy-logo-web.png\",\"width\":256,\"height\":80,\"caption\":\"Kozy\"},\"image\":{\"@id\":\"https:\\\/\\\/kozy.ec\\\/#\\\/schema\\\/logo\\\/image\\\/\"},\"sameAs\":[\"https:\\\/\\\/www.facebook.com\\\/kozyecuador\",\"https:\\\/\\\/www.instagram.com\\\/kozy.ec\",\"https:\\\/\\\/www.tiktok.com\\\/@kozy.ec\"]}]}<\/script>\n<!-- \/ Yoast SEO plugin. -->","yoast_head_json":{"title":"Kozy by Ana Grunauer","description":"Ana Grunauer es la fundadora de Kozy, destacada por su visi\u00f3n en dise\u00f1o interior, decoraci\u00f3n y tendencias arquitect\u00f3nicas innovadoras.","robots":{"index":"index","follow":"follow","max-snippet":"max-snippet:-1","max-image-preview":"max-image-preview:large","max-video-preview":"max-video-preview:-1"},"canonical":"https:\/\/kozy.ec\/es\/about-us\/","og_locale":"es_ES","og_type":"article","og_title":"Kozy by Ana Grunauer","og_description":"Ana Grunauer es la fundadora de Kozy, destacada por su visi\u00f3n en dise\u00f1o interior, decoraci\u00f3n y tendencias arquitect\u00f3nicas innovadoras.","og_url":"https:\/\/kozy.ec\/es\/about-us\/","og_site_name":"Kozy","article_publisher":"https:\/\/www.facebook.com\/kozyecuador","article_modified_time":"2025-01-13T17:21:25+00:00","og_image":[{"width":543,"height":725,"url":"https:\/\/kozy.ec\/wp-content\/uploads\/2024\/12\/anita-grunauer-e1733838488959.jpeg","type":"image\/jpeg"}],"twitter_card":"summary_large_image","twitter_title":"Kozy by Ana Grunauer","twitter_description":"Ana Grunauer es la fundadora de Kozy, destacada por su visi\u00f3n en dise\u00f1o interior, decoraci\u00f3n y tendencias arquitect\u00f3nicas innovadoras.","twitter_image":"https:\/\/kozy.ec\/wp-content\/uploads\/2024\/12\/anita-grunauer-e1733838488959.jpeg","twitter_misc":{"Tiempo de lectura":"2 minutos"},"schema":{"@context":"https:\/\/schema.org","@graph":[{"@type":"WebPage","@id":"https:\/\/kozy.ec\/about-us\/","url":"https:\/\/kozy.ec\/about-us\/","name":"Kozy by Ana Grunauer","isPartOf":{"@id":"https:\/\/kozy.ec\/#website"},"datePublished":"2023-06-06T11:00:13+00:00","dateModified":"2025-01-13T17:21:25+00:00","description":"Ana Grunauer es la fundadora de Kozy, destacada por su visi\u00f3n en dise\u00f1o interior, decoraci\u00f3n y tendencias arquitect\u00f3nicas innovadoras.","breadcrumb":{"@id":"https:\/\/kozy.ec\/about-us\/#breadcrumb"},"inLanguage":"es","potentialAction":[{"@type":"ReadAction","target":["https:\/\/kozy.ec\/about-us\/"]}]},{"@type":"BreadcrumbList","@id":"https:\/\/kozy.ec\/about-us\/#breadcrumb","itemListElement":[{"@type":"ListItem","position":1,"name":"Inicio","item":"https:\/\/kozy.ec\/"},{"@type":"ListItem","position":2,"name":"Acerca de Kozy"}]},{"@type":"WebSite","@id":"https:\/\/kozy.ec\/#website","url":"https:\/\/kozy.ec\/","name":"Kozy","description":"Deco &amp; Seats","publisher":{"@id":"https:\/\/kozy.ec\/#organization"},"potentialAction":[{"@type":"SearchAction","target":{"@type":"EntryPoint","urlTemplate":"https:\/\/kozy.ec\/?s={search_term_string}"},"query-input":{"@type":"PropertyValueSpecification","valueRequired":true,"valueName":"search_term_string"}}],"inLanguage":"es"},{"@type":"Organization","@id":"https:\/\/kozy.ec\/#organization","name":"Kozy","url":"https:\/\/kozy.ec\/","logo":{"@type":"ImageObject","inLanguage":"es","@id":"https:\/\/kozy.ec\/#\/schema\/logo\/image\/","url":"https:\/\/kozy.ec\/wp-content\/uploads\/2024\/11\/kozy-logo-web.png","contentUrl":"https:\/\/kozy.ec\/wp-content\/uploads\/2024\/11\/kozy-logo-web.png","width":256,"height":80,"caption":"Kozy"},"image":{"@id":"https:\/\/kozy.ec\/#\/schema\/logo\/image\/"},"sameAs":["https:\/\/www.facebook.com\/kozyecuador","https:\/\/www.instagram.com\/kozy.ec","https:\/\/www.tiktok.com\/@kozy.ec"]}]}},"jetpack_sharing_enabled":true,"_links":{"self":[{"href":"https:\/\/kozy.ec\/es\/wp-json\/wp\/v2\/pages\/18","targetHints":{"allow":["GET"]}}],"collection":[{"href":"https:\/\/kozy.ec\/es\/wp-json\/wp\/v2\/pages"}],"about":[{"href":"https:\/\/kozy.ec\/es\/wp-json\/wp\/v2\/types\/page"}],"author":[{"embeddable":true,"href":"https:\/\/kozy.ec\/es\/wp-json\/wp\/v2\/users\/3"}],"replies":[{"embeddable":true,"href":"https:\/\/kozy.ec\/es\/wp-json\/wp\/v2\/comments?post=18"}],"version-history":[{"count":8,"href":"https:\/\/kozy.ec\/es\/wp-json\/wp\/v2\/pages\/18\/revisions"}],"predecessor-version":[{"id":1036,"href":"https:\/\/kozy.ec\/es\/wp-json\/wp\/v2\/pages\/18\/revisions\/1036"}],"wp:attachment":[{"href":"https:\/\/kozy.ec\/es\/wp-json\/wp\/v2\/media?parent=18"}],"curies":[{"name":"wp","href":"https:\/\/api.w.org\/{rel}","templated":true}]}}