{"id":23,"date":"2023-06-06T11:01:34","date_gmt":"2023-06-06T11:01:34","guid":{"rendered":"https:\/\/dummy.xtemos.com\/woodmart2\/furniture2\/?page_id=23"},"modified":"2025-05-08T20:21:38","modified_gmt":"2025-05-08T20:21:38","slug":"contact-us","status":"publish","type":"page","link":"https:\/\/kozy.ec\/es\/contact-us\/","title":{"rendered":"Contacto"},"content":{"rendered":"<div class=\"wpb-content-wrapper\"><div class=\"vc_row wpb_row vc_row-fluid vc_custom_1685544481049 wd-rs-64775e1de70ad\"><div class=\"wpb_column vc_column_container vc_col-sm-2 wd-rs-64775e98b1081\"><div class=\"vc_column-inner vc_custom_1685544613700\"><div class=\"wpb_wrapper\"><\/div><\/div><\/div><div class=\"wpb_column vc_column_container vc_col-sm-8 wd-rs-6436bc5f5cb96\"><div class=\"vc_column-inner vc_custom_1681308779066\"><div class=\"wpb_wrapper\">\n\t\t<div id=\"wd-67520e8aab33b\" class=\"title-wrapper wd-wpb set-mb-s reset-last-child  wd-rs-67520e8aab33b wd-title-color-default wd-title-style-default text-center vc_custom_1733430928623 wd-underline-colored\">\n\t\t\t\n\t\t\t<div class=\"liner-continer\">\n\t\t\t\t<h4 class=\"woodmart-title-container title  wd-font-weight-400 wd-fontsize-xxl\" >Conecta Con Nuestros Expertos<\/h4>\n\t\t\t\t\t\t\t<\/div>\n\t\t\t\n\t\t\t\n\t\t\t\n\t\t<\/div>\n\t\t\n\t\t\n\t<div class=\"wpb_raw_code wpb_raw_html wpb_content_element\" >\n\t\t<div class=\"wpb_wrapper\">\n\t\t\t<div class=\"forminator-ui forminator-custom-form forminator-custom-form-479 forminator-design--material  forminator_ajax\" data-forminator-render=\"0\" data-form=\"forminator-module-479\" data-uid=\"69da9f593ab34\"><br\/><\/div><form\n\t\t\t\tid=\"forminator-module-479\"\n\t\t\t\tclass=\"forminator-ui forminator-custom-form forminator-custom-form-479 forminator-design--material  forminator_ajax\"\n\t\t\t\tmethod=\"post\"\n\t\t\t\tdata-forminator-render=\"0\"\n\t\t\t\tdata-form-id=\"479\"\n\t\t\t\t data-color-option=\"default\" data-design=\"material\" data-grid=\"open\" style=\"display: none;\"\n\t\t\t\tdata-uid=\"69da9f593ab34\" action=\"\"\n\t\t\t><div role=\"alert\" aria-live=\"polite\" class=\"forminator-response-message forminator-error\" aria-hidden=\"true\"><\/div><div class=\"forminator-row\"><div id=\"name-1\" class=\"forminator-field-name forminator-col forminator-col-12\"><div class=\"forminator-row forminator-no-margin\" data-multiple=\"true\"><div class=\"forminator-col forminator-col-md-6\"><div class=\"forminator-field\"><label for=\"forminator-field-first-name-1_69da9f593ab34\" id=\"forminator-field-first-name-1_69da9f593ab34-label\" class=\"forminator-label\">Nombre <span class=\"forminator-required\">*<\/span><\/label><input type=\"text\" name=\"name-1-first-name\" placeholder=\"\" id=\"forminator-field-first-name-1_69da9f593ab34\" class=\"forminator-input\" aria-required=\"true\" data-multi=\"1\" autocomplete=\"given-name\" value=\"\" \/><\/div><\/div><div class=\"forminator-col forminator-col-md-6\"><div class=\"forminator-field\"><label for=\"forminator-field-last-name-1_69da9f593ab34\" id=\"forminator-field-last-name-1_69da9f593ab34-label\" class=\"forminator-label\">Apellido <span class=\"forminator-required\">*<\/span><\/label><input type=\"text\" name=\"name-1-last-name\" placeholder=\"\" id=\"forminator-field-last-name-1_69da9f593ab34\" class=\"forminator-input\" aria-required=\"true\" data-multi=\"1\" autocomplete=\"family-name\" value=\"\" \/><\/div><\/div><\/div><\/div><\/div><div class=\"forminator-row\"><div id=\"phone-1\" class=\"forminator-field-phone forminator-col forminator-col-6\"><div class=\"forminator-field\"><label for=\"forminator-field-phone-1_69da9f593ab34\" id=\"forminator-field-phone-1_69da9f593ab34-label\" class=\"forminator-label\">Tel\u00e9fono <span class=\"forminator-required\">*<\/span><\/label><input type=\"text\" name=\"phone-1\" value=\"\" placeholder=\"\" id=\"forminator-field-phone-1_69da9f593ab34\" class=\"forminator-input forminator-field--phone\" data-required=\"1\" aria-required=\"true\" autocomplete=\"off\" \/><\/div><\/div><div id=\"email-1\" class=\"forminator-field-email forminator-col forminator-col-6\"><div class=\"forminator-field\"><label for=\"forminator-field-email-1_69da9f593ab34\" id=\"forminator-field-email-1_69da9f593ab34-label\" class=\"forminator-label\">Email <span class=\"forminator-required\">*<\/span><\/label><input type=\"email\" name=\"email-1\" value=\"\" placeholder=\"\" id=\"forminator-field-email-1_69da9f593ab34\" class=\"forminator-input forminator-email--field\" data-required=\"1\" aria-required=\"true\" autocomplete=\"email\" \/><\/div><\/div><\/div><div class=\"forminator-row\"><div id=\"select-1\" class=\"forminator-field-select forminator-col forminator-col-6\"><div class=\"forminator-field\"><label for=\"forminator-form-479__field--select-1_69da9f593ab34\" id=\"forminator-form-479__field--select-1_69da9f593ab34-label\" class=\"forminator-label\">Escoge una opci\u00f3n<\/label><select  id=\"forminator-form-479__field--select-1_69da9f593ab34\" class=\"forminator-select--field forminator-select2 forminator-select2-multiple\" data-required=\"\" name=\"select-1\" data-default-value=\"one\" data-hidden-behavior=\"zero\" data-placeholder=\"\" data-search=\"false\" data-search-placeholder=\"\" data-checkbox=\"false\" data-allow-clear=\"false\" aria-labelledby=\"forminator-form-479__field--select-1_69da9f593ab34-label\"><option value=\"one\" selected=\"selected\" data-calculation=\"0\">Quiero servicio de dise\u00f1o<\/option><option value=\"two\"  data-calculation=\"0\">Quiero asesor\u00eda<\/option><option value=\"Quiero-mobiliario-personalizado\"  data-calculation=\"0\">Quiero mobiliario personalizado<\/option><option value=\"Quiero-ir-al-laboratorio\"  data-calculation=\"0\">Quiero ir al laboratorio<\/option><\/select><\/div><\/div><div id=\"text-1\" class=\"forminator-field-text forminator-col forminator-col-6\"><div class=\"forminator-field\"><label for=\"forminator-field-text-1_69da9f593ab34\" id=\"forminator-field-text-1_69da9f593ab34-label\" class=\"forminator-label\">Ciudad <span class=\"forminator-required\">*<\/span><\/label><input type=\"text\" name=\"text-1\" value=\"\" placeholder=\"\" id=\"forminator-field-text-1_69da9f593ab34\" class=\"forminator-input forminator-name--field\" data-required=\"1\" \/><\/div><\/div><\/div><div class=\"forminator-row\"><div id=\"textarea-1\" class=\"forminator-field-textarea forminator-col forminator-col-12\"><div class=\"forminator-field\"><label for=\"forminator-field-textarea-1_69da9f593ab34\" id=\"forminator-field-textarea-1_69da9f593ab34-label\" class=\"forminator-label\">Describa su requerimiento <span class=\"forminator-required\">*<\/span><\/label><textarea name=\"textarea-1\" placeholder=\"\" id=\"forminator-field-textarea-1_69da9f593ab34\" class=\"forminator-textarea\" rows=\"6\" style=\"min-height:140px;\" ><\/textarea><\/div><\/div><\/div><div class=\"forminator-row\"><div id=\"captcha-1\" class=\"forminator-field-captcha forminator-col forminator-col-12\"><div class=\"forminator-captcha-left forminator-g-recaptcha recaptcha-invisible\" data-theme=\"light\" data-badge=\"inline\" data-sitekey=\"6Lct2ZIqAAAAANmI3MMpfsOc6E5HhYgD8K56alsu\" data-size=\"invisible\"><\/div> <\/div><\/div><input type=\"hidden\" name=\"referer_url\" value=\"\" \/><div class=\"forminator-row forminator-row-last\"><div class=\"forminator-col\"><div class=\"forminator-field\"><button class=\"forminator-button forminator-button-submit\"><span>Enviar<\/span><span aria-hidden=\"true\"><\/span><\/button><\/div><\/div><\/div><input type=\"hidden\" id=\"forminator_nonce\" name=\"forminator_nonce\" value=\"f404fbc98e\" \/><input type=\"hidden\" name=\"_wp_http_referer\" value=\"\/es\/wp-json\/wp\/v2\/pages\/23\" \/><input type=\"hidden\" name=\"form_id\" value=\"479\"><input type=\"hidden\" name=\"page_id\" value=\"23\"><input type=\"hidden\" name=\"form_type\" value=\"default\"><input type=\"hidden\" name=\"current_url\" value=\"https:\/\/kozy.ec\/es\/contact-us\/\"><input type=\"hidden\" name=\"render_id\" value=\"0\"><input type=\"hidden\" name=\"action\" value=\"forminator_submit_form_custom-forms\"><input type=\"hidden\" name=\"trp-form-language\" value=\"es\"\/><\/form>\n\t\t<\/div>\n\t<\/div>\n<\/div><\/div><\/div><div class=\"wpb_column vc_column_container vc_col-sm-2\"><div class=\"vc_column-inner\"><div class=\"wpb_wrapper\"><\/div><\/div><\/div><\/div><div class=\"vc_row wpb_row vc_row-fluid vc_custom_1685544460032 wd-rs-64775e07ac837\"><div class=\"wpb_column vc_column_container vc_col-sm-6 wd-enabled-flex wd-rs-6437fb5656a53\"><div class=\"vc_column-inner vc_custom_1681390432535\"><div class=\"wpb_wrapper\"><div class=\"vc_row wpb_row vc_inner vc_row-fluid vc_row-o-content-middle vc_row-flex wd-rs-6437fbe1a7da1\"><div class=\"wpb_column vc_column_container vc_col-sm-6 vc_hidden-sm vc_col-xs-4 vc_hidden-xs wd-rs-67511c456e706\"><div class=\"vc_column-inner vc_custom_1733368907047\"><div class=\"wpb_wrapper\">\t\t<div id=\"wd-673cd94993aac\" class=\"wd-image wd-wpb wd-rs-673cd94993aac text-left vc_custom_1732041045844\">\n\t\t\t\n\t\t\t<img loading=\"lazy\" decoding=\"async\" width=\"340\" height=\"340\" src=\"https:\/\/kozy.ec\/wp-content\/uploads\/2024\/11\/contacto-kozy-340x340.png\" class=\"attachment-340x340 size-340x340\" alt=\"\" srcset=\"https:\/\/kozy.ec\/wp-content\/uploads\/2024\/11\/contacto-kozy-340x340.png 340w, https:\/\/kozy.ec\/wp-content\/uploads\/2024\/11\/contacto-kozy-150x150.png 150w, https:\/\/kozy.ec\/wp-content\/uploads\/2024\/11\/contacto-kozy-300x300.png 300w, https:\/\/kozy.ec\/wp-content\/uploads\/2024\/11\/contacto-kozy.png 600w\" sizes=\"auto, (max-width: 340px) 100vw, 340px\" \/>\n\t\t\t\t\t<\/div>\n\t\t<\/div><\/div><\/div><div class=\"wpb_column vc_column_container vc_col-sm-6 vc_col-xs-8 wd-rs-6437fbcfc598a\"><div class=\"vc_column-inner vc_custom_1681390550218\"><div class=\"wpb_wrapper\">\n\t\t<div id=\"wd-67520e932c043\" class=\"title-wrapper wd-wpb set-mb-s reset-last-child  wd-rs-67520e932c043 wd-title-color-default wd-title-style-default text-left vc_custom_1733430937326 wd-underline-colored\">\n\t\t\t\n\t\t\t<div class=\"liner-continer\">\n\t\t\t\t<h4 class=\"woodmart-title-container title  wd-font-weight-400 wd-fontsize-xxl\" >Samborond\u00f3n<\/h4>\n\t\t\t\t\t\t\t<\/div>\n\t\t\t\n\t\t\t\n\t\t\t\n\t\t<\/div>\n\t\t\n\t\t\t\t<div id=\"wd-681d1243742d5\" class=\"wd-text-block wd-wpb reset-last-child wd-rs-681d1243742d5 text-left wd-font-weight-200 color-title font-primary vc_custom_1746735699657\">\n\t\t\t<p>Moderna Plaza, Piso 1, Local 22<br \/>\n<strong>Km 2.5 Av. Samborond\u00f3n<\/strong><\/p>\n<p><strong>Lunes &#8211; Viernes<\/strong> 09:00 &#8211; 18:00<\/p>\n<p>ventas@kozy.ec<br \/>\n<strong>+593 93 905 8153<\/strong><\/p>\n\t\t<\/div>\n\t\t<\/div><\/div><\/div><\/div><\/div><\/div><\/div><div class=\"wpb_column vc_column_container vc_col-sm-6\"><div class=\"vc_column-inner\"><div class=\"wpb_wrapper\">\n\t\t<div id=\"wd-673cd725d5f11\" class=\"title-wrapper wd-wpb set-mb-s reset-last-child  wd-rs-673cd725d5f11 wd-title-color-default wd-title-style-default text-left vc_custom_1732040503095 wd-underline-colored\">\n\t\t\t\n\t\t\t<div class=\"liner-continer\">\n\t\t\t\t<h4 class=\"woodmart-title-container title  wd-font-weight- wd-fontsize-xxl\" >Preguntas y Respuestas Frecuentes<\/h4>\n\t\t\t\t\t\t\t<\/div>\n\t\t\t\n\t\t\t\n\t\t\t\n\t\t<\/div>\n\t\t\n\t\t\n\t\t<div id=\"wd-64775e41888c3\" class=\"wd-accordion wd-wpb wd-rs-64775e41888c3 vc_custom_1685544517764 wd-style-default wd-border-off\" data-state=\"all_closed\">\n\t\t\t\t\t\t\t\n\t\t\t\t\n\t\t\t\t<div class=\"wd-accordion-item\">\n\t\t\t\t\t<div class=\"wd-accordion-title font-primary wd-fontsize-custom text-left wd-opener-pos-right wd-font-weight-700\" data-accordion-index=\"0\">\n\t\t\t\t\t\t<div class=\"wd-accordion-title-text\">\n\t\t\t\t\t\t\t\t\t\t\t\t\t\t<span>\n\t\t\t\t\t\t\t\t\u00bfPuedo personalizar los muebles que ofrecen en la tienda virtual?\t\t\t\t\t\t\t<\/span>\n\t\t\t\t\t\t<\/div>\n\t\t\t\t\t\t<span class=\"wd-accordion-opener wd-opener-style-arrow\"><\/span>\n\t\t\t\t\t<\/div>\n\n\t\t\t\t\t<div class=\"wd-accordion-content reset-last-child\" data-accordion-index=\"0\">\n\t\t\t\t\t\t\t\t\t\t\t\t\t<p>S\u00ed, ofrecemos la opci\u00f3n de personalizaci\u00f3n en medidas, acabados y materiales para muchos de nuestros muebles. Si tienes una idea espec\u00edfica o un espacio que requiere soluciones a medida, nuestro equipo puede trabajar contigo para dise\u00f1ar y fabricar la pieza perfecta.<\/p>\n\t\t\t\t\t\t\t\t\t\t\t<\/div>\n\t\t\t\t<\/div>\n\t\t\t\t\t\t\t\n\t\t\t\t\n\t\t\t\t<div class=\"wd-accordion-item\">\n\t\t\t\t\t<div class=\"wd-accordion-title font-primary wd-fontsize-custom text-left wd-opener-pos-right wd-font-weight-700\" data-accordion-index=\"1\">\n\t\t\t\t\t\t<div class=\"wd-accordion-title-text\">\n\t\t\t\t\t\t\t\t\t\t\t\t\t\t<span>\n\t\t\t\t\t\t\t\t\u00bfCu\u00e1l es el tiempo de entrega para los productos personalizados y de cat\u00e1logo?\t\t\t\t\t\t\t<\/span>\n\t\t\t\t\t\t<\/div>\n\t\t\t\t\t\t<span class=\"wd-accordion-opener wd-opener-style-arrow\"><\/span>\n\t\t\t\t\t<\/div>\n\n\t\t\t\t\t<div class=\"wd-accordion-content reset-last-child\" data-accordion-index=\"1\">\n\t\t\t\t\t\t\t\t\t\t\t\t\t<p>Los muebles de nuestro cat\u00e1logo tienen un tiempo de entrega m\u00e1s corto, ya que est\u00e1n pre-fabricados y solo requieren acabados. En el caso de productos personalizados, el tiempo de entrega depende de la complejidad del dise\u00f1o, pero suele oscilar entre 4 y 8 semanas.<\/p>\n\t\t\t\t\t\t\t\t\t\t\t<\/div>\n\t\t\t\t<\/div>\n\t\t\t\t\t\t\t\n\t\t\t\t\n\t\t\t\t<div class=\"wd-accordion-item\">\n\t\t\t\t\t<div class=\"wd-accordion-title font-primary wd-fontsize-custom text-left wd-opener-pos-right wd-font-weight-700\" data-accordion-index=\"2\">\n\t\t\t\t\t\t<div class=\"wd-accordion-title-text\">\n\t\t\t\t\t\t\t\t\t\t\t\t\t\t<span>\n\t\t\t\t\t\t\t\t\u00bfRealizan env\u00edos a nivel nacional e internacional?\t\t\t\t\t\t\t<\/span>\n\t\t\t\t\t\t<\/div>\n\t\t\t\t\t\t<span class=\"wd-accordion-opener wd-opener-style-arrow\"><\/span>\n\t\t\t\t\t<\/div>\n\n\t\t\t\t\t<div class=\"wd-accordion-content reset-last-child\" data-accordion-index=\"2\">\n\t\t\t\t\t\t\t\t\t\t\t\t\t<p>S\u00ed, realizamos env\u00edos a nivel nacional dentro de Ecuador, asegur\u00e1ndonos de que los productos lleguen en perfecto estado. Para env\u00edos internacionales, trabajamos con log\u00edstica especializada y podemos coordinar el transporte bajo solicitud previa.<\/p>\n\t\t\t\t\t\t\t\t\t\t\t<\/div>\n\t\t\t\t<\/div>\n\t\t\t\t\t\t\t\n\t\t\t\t\n\t\t\t\t<div class=\"wd-accordion-item\">\n\t\t\t\t\t<div class=\"wd-accordion-title font-primary wd-fontsize-custom text-left wd-opener-pos-right wd-font-weight-700\" data-accordion-index=\"3\">\n\t\t\t\t\t\t<div class=\"wd-accordion-title-text\">\n\t\t\t\t\t\t\t\t\t\t\t\t\t\t<span>\n\t\t\t\t\t\t\t\t\u00bfQu\u00e9 garant\u00eda tienen sus productos?\t\t\t\t\t\t\t<\/span>\n\t\t\t\t\t\t<\/div>\n\t\t\t\t\t\t<span class=\"wd-accordion-opener wd-opener-style-arrow\"><\/span>\n\t\t\t\t\t<\/div>\n\n\t\t\t\t\t<div class=\"wd-accordion-content reset-last-child\" data-accordion-index=\"3\">\n\t\t\t\t\t\t\t\t\t\t\t\t\t<p>Todos nuestros productos cuentan con garant\u00eda que cubre defectos de fabricaci\u00f3n y acabados. Adem\u00e1s, ofrecemos un seguimiento postventa para asegurarnos de que est\u00e9s satisfecho con tu compra y para realizar ajustes si son necesarios.<\/p>\n\t\t\t\t\t\t\t\t\t\t\t<\/div>\n\t\t\t\t<\/div>\n\t\t\t\t\t\t\t\t\t\t\t\t\t\t<\/div>\n\n\t\t<\/div><\/div><\/div><\/div><div class=\"vc_row wpb_row vc_row-fluid vc_custom_1732041374692 wd-rs-673cda936b886 wd-section-stretch-content-no-pd\"><div class=\"wpb_column vc_column_container vc_col-sm-12\"><div class=\"vc_column-inner\"><div class=\"wpb_wrapper\">\n\t<div class=\"wpb_raw_code wpb_raw_html wpb_content_element\" >\n\t\t<div class=\"wpb_wrapper\">\n\t\t\t<iframe src=\"https:\/\/www.google.com\/maps\/embed?pb=!1m14!1m8!1m3!1d15657.533009854587!2d-79.8636361!3d-2.1290444!3m2!1i1024!2i768!4f13.1!3m3!1m2!1s0x902d6dfad1754f1f%3A0x5bf5953fcc2994f9!2sModerna%20Plaza!5e1!3m2!1ses!2sec!4v1733368741346!5m2!1ses!2sec\" width=\"1920\" height=\"450\" style=\"border:0;\" allowfullscreen=\"\" loading=\"lazy\" referrerpolicy=\"no-referrer-when-downgrade\"><\/iframe>\n\t\t<\/div>\n\t<\/div>\n<\/div><\/div><\/div><\/div>\n<\/div>","protected":false},"excerpt":{"rendered":"Conecta Con Nuestros Expertos Nombre *Apellido *Tel\u00e9fono *Email *Escoge una opci\u00f3nQuiero servicio de dise\u00f1oQuiero asesor\u00edaQuiero mobiliario personalizadoQuiero ir al laboratorioCiudad","protected":false},"author":3,"featured_media":0,"parent":0,"menu_order":0,"comment_status":"closed","ping_status":"closed","template":"","meta":{"footnotes":""},"class_list":["post-23","page","type-page","status-publish","hentry"],"yoast_head":"<!-- This site is optimized with the Yoast SEO plugin v27.3 - https:\/\/yoast.com\/product\/yoast-seo-wordpress\/ -->\n<title>Contacto - Kozy<\/title>\n<meta name=\"robots\" content=\"index, follow, max-snippet:-1, max-image-preview:large, max-video-preview:-1\" \/>\n<link rel=\"canonical\" href=\"https:\/\/kozy.ec\/es\/contact-us\/\" \/>\n<meta property=\"og:locale\" content=\"es_ES\" \/>\n<meta property=\"og:type\" content=\"article\" \/>\n<meta property=\"og:title\" content=\"Contacto - Kozy\" \/>\n<meta property=\"og:url\" content=\"https:\/\/kozy.ec\/es\/contact-us\/\" \/>\n<meta property=\"og:site_name\" content=\"Kozy\" \/>\n<meta property=\"article:publisher\" content=\"https:\/\/www.facebook.com\/kozyecuador\" \/>\n<meta property=\"article:modified_time\" content=\"2025-05-08T20:21:38+00:00\" \/>\n<meta name=\"twitter:card\" content=\"summary_large_image\" \/>\n<meta name=\"twitter:label1\" content=\"Tiempo de lectura\" \/>\n\t<meta name=\"twitter:data1\" content=\"3 minutos\" \/>\n<script type=\"application\/ld+json\" class=\"yoast-schema-graph\">{\"@context\":\"https:\\\/\\\/schema.org\",\"@graph\":[{\"@type\":\"WebPage\",\"@id\":\"https:\\\/\\\/kozy.ec\\\/contact-us\\\/\",\"url\":\"https:\\\/\\\/kozy.ec\\\/contact-us\\\/\",\"name\":\"Contacto - Kozy\",\"isPartOf\":{\"@id\":\"https:\\\/\\\/kozy.ec\\\/#website\"},\"datePublished\":\"2023-06-06T11:01:34+00:00\",\"dateModified\":\"2025-05-08T20:21:38+00:00\",\"breadcrumb\":{\"@id\":\"https:\\\/\\\/kozy.ec\\\/contact-us\\\/#breadcrumb\"},\"inLanguage\":\"es\",\"potentialAction\":[{\"@type\":\"ReadAction\",\"target\":[\"https:\\\/\\\/kozy.ec\\\/contact-us\\\/\"]}]},{\"@type\":\"BreadcrumbList\",\"@id\":\"https:\\\/\\\/kozy.ec\\\/contact-us\\\/#breadcrumb\",\"itemListElement\":[{\"@type\":\"ListItem\",\"position\":1,\"name\":\"Inicio\",\"item\":\"https:\\\/\\\/kozy.ec\\\/\"},{\"@type\":\"ListItem\",\"position\":2,\"name\":\"Contacto\"}]},{\"@type\":\"WebSite\",\"@id\":\"https:\\\/\\\/kozy.ec\\\/#website\",\"url\":\"https:\\\/\\\/kozy.ec\\\/\",\"name\":\"Kozy\",\"description\":\"Deco &amp; Seats\",\"publisher\":{\"@id\":\"https:\\\/\\\/kozy.ec\\\/#organization\"},\"potentialAction\":[{\"@type\":\"SearchAction\",\"target\":{\"@type\":\"EntryPoint\",\"urlTemplate\":\"https:\\\/\\\/kozy.ec\\\/?s={search_term_string}\"},\"query-input\":{\"@type\":\"PropertyValueSpecification\",\"valueRequired\":true,\"valueName\":\"search_term_string\"}}],\"inLanguage\":\"es\"},{\"@type\":\"Organization\",\"@id\":\"https:\\\/\\\/kozy.ec\\\/#organization\",\"name\":\"Kozy\",\"url\":\"https:\\\/\\\/kozy.ec\\\/\",\"logo\":{\"@type\":\"ImageObject\",\"inLanguage\":\"es\",\"@id\":\"https:\\\/\\\/kozy.ec\\\/#\\\/schema\\\/logo\\\/image\\\/\",\"url\":\"https:\\\/\\\/kozy.ec\\\/wp-content\\\/uploads\\\/2024\\\/11\\\/kozy-logo-web.png\",\"contentUrl\":\"https:\\\/\\\/kozy.ec\\\/wp-content\\\/uploads\\\/2024\\\/11\\\/kozy-logo-web.png\",\"width\":256,\"height\":80,\"caption\":\"Kozy\"},\"image\":{\"@id\":\"https:\\\/\\\/kozy.ec\\\/#\\\/schema\\\/logo\\\/image\\\/\"},\"sameAs\":[\"https:\\\/\\\/www.facebook.com\\\/kozyecuador\",\"https:\\\/\\\/www.instagram.com\\\/kozy.ec\",\"https:\\\/\\\/www.tiktok.com\\\/@kozy.ec\"]}]}<\/script>\n<!-- \/ Yoast SEO plugin. -->","yoast_head_json":{"title":"Contacto - Kozy","robots":{"index":"index","follow":"follow","max-snippet":"max-snippet:-1","max-image-preview":"max-image-preview:large","max-video-preview":"max-video-preview:-1"},"canonical":"https:\/\/kozy.ec\/es\/contact-us\/","og_locale":"es_ES","og_type":"article","og_title":"Contacto - Kozy","og_url":"https:\/\/kozy.ec\/es\/contact-us\/","og_site_name":"Kozy","article_publisher":"https:\/\/www.facebook.com\/kozyecuador","article_modified_time":"2025-05-08T20:21:38+00:00","twitter_card":"summary_large_image","twitter_misc":{"Tiempo de lectura":"3 minutos"},"schema":{"@context":"https:\/\/schema.org","@graph":[{"@type":"WebPage","@id":"https:\/\/kozy.ec\/contact-us\/","url":"https:\/\/kozy.ec\/contact-us\/","name":"Contacto - Kozy","isPartOf":{"@id":"https:\/\/kozy.ec\/#website"},"datePublished":"2023-06-06T11:01:34+00:00","dateModified":"2025-05-08T20:21:38+00:00","breadcrumb":{"@id":"https:\/\/kozy.ec\/contact-us\/#breadcrumb"},"inLanguage":"es","potentialAction":[{"@type":"ReadAction","target":["https:\/\/kozy.ec\/contact-us\/"]}]},{"@type":"BreadcrumbList","@id":"https:\/\/kozy.ec\/contact-us\/#breadcrumb","itemListElement":[{"@type":"ListItem","position":1,"name":"Inicio","item":"https:\/\/kozy.ec\/"},{"@type":"ListItem","position":2,"name":"Contacto"}]},{"@type":"WebSite","@id":"https:\/\/kozy.ec\/#website","url":"https:\/\/kozy.ec\/","name":"Kozy","description":"Deco &amp; Seats","publisher":{"@id":"https:\/\/kozy.ec\/#organization"},"potentialAction":[{"@type":"SearchAction","target":{"@type":"EntryPoint","urlTemplate":"https:\/\/kozy.ec\/?s={search_term_string}"},"query-input":{"@type":"PropertyValueSpecification","valueRequired":true,"valueName":"search_term_string"}}],"inLanguage":"es"},{"@type":"Organization","@id":"https:\/\/kozy.ec\/#organization","name":"Kozy","url":"https:\/\/kozy.ec\/","logo":{"@type":"ImageObject","inLanguage":"es","@id":"https:\/\/kozy.ec\/#\/schema\/logo\/image\/","url":"https:\/\/kozy.ec\/wp-content\/uploads\/2024\/11\/kozy-logo-web.png","contentUrl":"https:\/\/kozy.ec\/wp-content\/uploads\/2024\/11\/kozy-logo-web.png","width":256,"height":80,"caption":"Kozy"},"image":{"@id":"https:\/\/kozy.ec\/#\/schema\/logo\/image\/"},"sameAs":["https:\/\/www.facebook.com\/kozyecuador","https:\/\/www.instagram.com\/kozy.ec","https:\/\/www.tiktok.com\/@kozy.ec"]}]}},"jetpack_sharing_enabled":true,"_links":{"self":[{"href":"https:\/\/kozy.ec\/es\/wp-json\/wp\/v2\/pages\/23","targetHints":{"allow":["GET"]}}],"collection":[{"href":"https:\/\/kozy.ec\/es\/wp-json\/wp\/v2\/pages"}],"about":[{"href":"https:\/\/kozy.ec\/es\/wp-json\/wp\/v2\/types\/page"}],"author":[{"embeddable":true,"href":"https:\/\/kozy.ec\/es\/wp-json\/wp\/v2\/users\/3"}],"replies":[{"embeddable":true,"href":"https:\/\/kozy.ec\/es\/wp-json\/wp\/v2\/comments?post=23"}],"version-history":[{"count":12,"href":"https:\/\/kozy.ec\/es\/wp-json\/wp\/v2\/pages\/23\/revisions"}],"predecessor-version":[{"id":1279,"href":"https:\/\/kozy.ec\/es\/wp-json\/wp\/v2\/pages\/23\/revisions\/1279"}],"wp:attachment":[{"href":"https:\/\/kozy.ec\/es\/wp-json\/wp\/v2\/media?parent=23"}],"curies":[{"name":"wp","href":"https:\/\/api.w.org\/{rel}","templated":true}]}}