{"id":727,"date":"2024-12-05T03:17:41","date_gmt":"2024-12-05T03:17:41","guid":{"rendered":"https:\/\/kozy.ec\/?page_id=727"},"modified":"2024-12-10T13:52:06","modified_gmt":"2024-12-10T13:52:06","slug":"laboratorio","status":"publish","type":"page","link":"https:\/\/kozy.ec\/es\/laboratorio\/","title":{"rendered":"Laboratorio"},"content":{"rendered":"<div class=\"wpb-content-wrapper\"><div class=\"vc_row wpb_row vc_row-fluid vc_custom_1733370325345 vc_row-o-equal-height vc_row-o-content-middle vc_row-flex wd-rs-675121cf52d5b\"><div class=\"wpb_column vc_column_container vc_col-sm-6\"><div class=\"vc_column-inner\"><div class=\"wpb_wrapper\">\n\t\t<div id=\"wd-675120a064ce0\" class=\"title-wrapper wd-wpb set-mb-s reset-last-child  wd-rs-675120a064ce0 wd-title-color-alt wd-title-style-underlined text-left  wd-underline-colored\">\n\t\t\t\n\t\t\t<div class=\"liner-continer\">\n\t\t\t\t<h4 class=\"woodmart-title-container title  wd-font-weight-600 wd-fontsize-xxl\" >Laboratorio Kozy<\/h4>\n\t\t\t\t\t\t\t<\/div>\n\t\t\t\n\t\t\t\n\t\t\t\n\t\t<\/div>\n\t\t\n\t\t\t\t<div id=\"gallery_797\" class=\"wd-images-gallery wd-wpb wd-rs-67584757afc3e wd-carousel-container wd-wpb\" style=\"--wd-justify-content:center;--wd-align-items:center;\">\n\t\t\t\t\t\t\t<div class=\"wd-carousel-inner\">\n\t\t\t\n\t\t\t<div class=\"wd-carousel wd-grid\"data-scroll_per_page=\"yes\" style=\"--wd-col-lg:1.5;--wd-col-md:1;--wd-col-sm:1.5;--wd-gap-lg:6px;\">\n\t\t\t\t\t\t\t\t\t<div class=\"wd-carousel-wrap\">\n\t\t\t\t\n\t\t\t\t\t\t\t\t\t\t\t\t\t\t\t<div class=\"wd-gallery-item wd-carousel-item\">\n\t\t\t\t\t\t\t\n\t\t\t\t\t\t\t\t<img loading=\"lazy\" decoding=\"async\" width=\"750\" height=\"820\" src=\"https:\/\/kozy.ec\/wp-content\/uploads\/2024\/12\/anita-grunauer-kozy-750x820.jpeg\" class=\"wd-gallery-image image-1\" alt=\"\" \/>\n\t\t\t\t\t\t\t\t\t\t\t\t\t\t<\/div>\n\t\t\t\t\t\t\t\t\t\t\t<div class=\"wd-gallery-item wd-carousel-item\">\n\t\t\t\t\t\t\t\n\t\t\t\t\t\t\t\t<img loading=\"lazy\" decoding=\"async\" width=\"750\" height=\"820\" src=\"https:\/\/kozy.ec\/wp-content\/uploads\/2024\/12\/interior-designer-choosing-tile-2023-11-27-04-59-29-utc-scaled-750x820.jpg\" class=\"wd-gallery-image image-2\" alt=\"\" \/>\n\t\t\t\t\t\t\t\t\t\t\t\t\t\t<\/div>\n\t\t\t\t\t\t\t\t\t\n\t\t\t\t\t\t\t\t\t<\/div>\n\t\t\t\t\t\t\t<\/div>\n\n\t\t\t\t\t\t\t\t\t\t\t\t\t\t<div class=\"wd-nav-arrows wd-pos-sep wd-hover-1 wd-icon-1\">\n\t\t\t<div class=\"wd-btn-arrow wd-prev wd-disabled\">\n\t\t\t\t<div class=\"wd-arrow-inner\"><\/div>\n\t\t\t<\/div>\n\t\t\t<div class=\"wd-btn-arrow wd-next\">\n\t\t\t\t<div class=\"wd-arrow-inner\"><\/div>\n\t\t\t<\/div>\n\t\t<\/div>\n\t\t\t\t\t\t\n\t\t\t\t<\/div>\n\n\t\t\t\t\t\t\t\t\t\t\t\t\t<\/div>\n\t\t<\/div><\/div><\/div><div class=\"wpb_column vc_column_container vc_col-sm-6\"><div class=\"vc_column-inner\"><div class=\"wpb_wrapper\">\t\t<div id=\"wd-6751219c1cdf2\" class=\"wd-text-block wd-wpb reset-last-child wd-rs-6751219c1cdf2 text-left\">\n\t\t\t<p align=\"justify\">Este es un espacio dise\u00f1ado para que nuestros clientes vivan una experiencia \u00fanica en dise\u00f1o de interiores. En nuestra oficina, podr\u00e1n interactuar con una amplia variedad de materiales, desde telas, maderas y metales, hasta acabados especiales. Aqu\u00ed, tendr\u00e1n la oportunidad de explorar cada detalle, sentir texturas y visualizar combinaciones, garantizando que cada elecci\u00f3n refleje sus gustos y necesidades.<\/p>\n\t\t<\/div>\n\t\t\t\t<div id=\"wd-6751200700548\" class=\"wd-text-block wd-wpb reset-last-child wd-rs-6751200700548 text-left\">\n\t\t\t<p align=\"justify\">Este servicio exclusivo permite a los clientes participar activamente en el proceso creativo. Podr\u00e1n experimentar con el mobiliario disponible, probar nuestras sillas y colaborar en tiempo real con nosotros en el dise\u00f1o de sus espacios. Con herramientas y tecnolog\u00eda avanzadas, transformamos sus ideas en propuestas concretas, ayud\u00e1ndoles a visualizar c\u00f3mo quedar\u00e1 el proyecto final antes de llevarlo a cabo.<\/p>\n\t\t<\/div>\n\t\t\n\t\t<div id=\"wd-67520ef250b71\" class=\"title-wrapper wd-wpb set-mb-s reset-last-child  wd-rs-67520ef250b71 wd-title-color-primary wd-title-style-simple text-left  wd-underline-colored\">\n\t\t\t\n\t\t\t<div class=\"liner-continer\">\n\t\t\t\t<h4 class=\"woodmart-title-container title  wd-font-weight-400 wd-fontsize-m\" >Nuestro enfoque se basa en la cercan\u00eda y el acompa\u00f1amiento, asegur\u00e1ndonos de que cada cliente sienta que su espacio es \u00fanico, funcional y est\u00e9ticamente impecable.<\/h4>\n\t\t\t\t\t\t\t<\/div>\n\t\t\t\n\t\t\t\n\t\t\t\n\t\t<\/div>\n\t\t\n\t\t<div id=\"wd-675205a7af0a3\" class=\"wd-rs-675205a7af0a3   wd-rs-675205a7af0a3 wd-button-wrapper text-left\"><a href=\"#labpop\" title=\"\" class=\"btn btn-color-primary btn-style-link btn-style-rectangle btn-size-default wd-open-popup\">AGENDA TU VISITA<\/a><\/div><div id=\"labpop\" class=\"wd-popup wd-popup-element mfp-hide\" style=\"--wd-popup-width:800px;\">\n\t<div class=\"wpb_raw_code wpb_raw_html wpb_content_element\" >\n\t\t<div class=\"wpb_wrapper\">\n\t\t\t<div class=\"forminator-ui forminator-custom-form forminator-custom-form-479 forminator-design--material  forminator_ajax\" data-forminator-render=\"0\" data-form=\"forminator-module-479\" data-uid=\"69da9f54c1996\"><br\/><\/div><form\n\t\t\t\tid=\"forminator-module-479\"\n\t\t\t\tclass=\"forminator-ui forminator-custom-form forminator-custom-form-479 forminator-design--material  forminator_ajax\"\n\t\t\t\tmethod=\"post\"\n\t\t\t\tdata-forminator-render=\"0\"\n\t\t\t\tdata-form-id=\"479\"\n\t\t\t\t data-color-option=\"default\" data-design=\"material\" data-grid=\"open\" style=\"display: none;\"\n\t\t\t\tdata-uid=\"69da9f54c1996\" action=\"\"\n\t\t\t><div role=\"alert\" aria-live=\"polite\" class=\"forminator-response-message forminator-error\" aria-hidden=\"true\"><\/div><div class=\"forminator-row\"><div id=\"name-1\" class=\"forminator-field-name forminator-col forminator-col-12\"><div class=\"forminator-row forminator-no-margin\" data-multiple=\"true\"><div class=\"forminator-col forminator-col-md-6\"><div class=\"forminator-field\"><label for=\"forminator-field-first-name-1_69da9f54c1996\" id=\"forminator-field-first-name-1_69da9f54c1996-label\" class=\"forminator-label\">Nombre <span class=\"forminator-required\">*<\/span><\/label><input type=\"text\" name=\"name-1-first-name\" placeholder=\"\" id=\"forminator-field-first-name-1_69da9f54c1996\" class=\"forminator-input\" aria-required=\"true\" data-multi=\"1\" autocomplete=\"given-name\" value=\"\" \/><\/div><\/div><div class=\"forminator-col forminator-col-md-6\"><div class=\"forminator-field\"><label for=\"forminator-field-last-name-1_69da9f54c1996\" id=\"forminator-field-last-name-1_69da9f54c1996-label\" class=\"forminator-label\">Apellido <span class=\"forminator-required\">*<\/span><\/label><input type=\"text\" name=\"name-1-last-name\" placeholder=\"\" id=\"forminator-field-last-name-1_69da9f54c1996\" class=\"forminator-input\" aria-required=\"true\" data-multi=\"1\" autocomplete=\"family-name\" value=\"\" \/><\/div><\/div><\/div><\/div><\/div><div class=\"forminator-row\"><div id=\"phone-1\" class=\"forminator-field-phone forminator-col forminator-col-6\"><div class=\"forminator-field\"><label for=\"forminator-field-phone-1_69da9f54c1996\" id=\"forminator-field-phone-1_69da9f54c1996-label\" class=\"forminator-label\">Tel\u00e9fono <span class=\"forminator-required\">*<\/span><\/label><input type=\"text\" name=\"phone-1\" value=\"\" placeholder=\"\" id=\"forminator-field-phone-1_69da9f54c1996\" class=\"forminator-input forminator-field--phone\" data-required=\"1\" aria-required=\"true\" autocomplete=\"off\" \/><\/div><\/div><div id=\"email-1\" class=\"forminator-field-email forminator-col forminator-col-6\"><div class=\"forminator-field\"><label for=\"forminator-field-email-1_69da9f54c1996\" id=\"forminator-field-email-1_69da9f54c1996-label\" class=\"forminator-label\">Email <span class=\"forminator-required\">*<\/span><\/label><input type=\"email\" name=\"email-1\" value=\"\" placeholder=\"\" id=\"forminator-field-email-1_69da9f54c1996\" class=\"forminator-input forminator-email--field\" data-required=\"1\" aria-required=\"true\" autocomplete=\"email\" \/><\/div><\/div><\/div><div class=\"forminator-row\"><div id=\"select-1\" class=\"forminator-field-select forminator-col forminator-col-6\"><div class=\"forminator-field\"><label for=\"forminator-form-479__field--select-1_69da9f54c1996\" id=\"forminator-form-479__field--select-1_69da9f54c1996-label\" class=\"forminator-label\">Escoge una opci\u00f3n<\/label><select  id=\"forminator-form-479__field--select-1_69da9f54c1996\" class=\"forminator-select--field forminator-select2 forminator-select2-multiple\" data-required=\"\" name=\"select-1\" data-default-value=\"one\" data-hidden-behavior=\"zero\" data-placeholder=\"\" data-search=\"false\" data-search-placeholder=\"\" data-checkbox=\"false\" data-allow-clear=\"false\" aria-labelledby=\"forminator-form-479__field--select-1_69da9f54c1996-label\"><option value=\"one\" selected=\"selected\" data-calculation=\"0\">Quiero servicio de dise\u00f1o<\/option><option value=\"two\"  data-calculation=\"0\">Quiero asesor\u00eda<\/option><option value=\"Quiero-mobiliario-personalizado\"  data-calculation=\"0\">Quiero mobiliario personalizado<\/option><option value=\"Quiero-ir-al-laboratorio\"  data-calculation=\"0\">Quiero ir al laboratorio<\/option><\/select><\/div><\/div><div id=\"text-1\" class=\"forminator-field-text forminator-col forminator-col-6\"><div class=\"forminator-field\"><label for=\"forminator-field-text-1_69da9f54c1996\" id=\"forminator-field-text-1_69da9f54c1996-label\" class=\"forminator-label\">Ciudad <span class=\"forminator-required\">*<\/span><\/label><input type=\"text\" name=\"text-1\" value=\"\" placeholder=\"\" id=\"forminator-field-text-1_69da9f54c1996\" class=\"forminator-input forminator-name--field\" data-required=\"1\" \/><\/div><\/div><\/div><div class=\"forminator-row\"><div id=\"textarea-1\" class=\"forminator-field-textarea forminator-col forminator-col-12\"><div class=\"forminator-field\"><label for=\"forminator-field-textarea-1_69da9f54c1996\" id=\"forminator-field-textarea-1_69da9f54c1996-label\" class=\"forminator-label\">Describa su requerimiento <span class=\"forminator-required\">*<\/span><\/label><textarea name=\"textarea-1\" placeholder=\"\" id=\"forminator-field-textarea-1_69da9f54c1996\" class=\"forminator-textarea\" rows=\"6\" style=\"min-height:140px;\" ><\/textarea><\/div><\/div><\/div><div class=\"forminator-row\"><div id=\"captcha-1\" class=\"forminator-field-captcha forminator-col forminator-col-12\"><div class=\"forminator-captcha-left forminator-g-recaptcha recaptcha-invisible\" data-theme=\"light\" data-badge=\"inline\" data-sitekey=\"6Lct2ZIqAAAAANmI3MMpfsOc6E5HhYgD8K56alsu\" data-size=\"invisible\"><\/div> <\/div><\/div><input type=\"hidden\" name=\"referer_url\" value=\"\" \/><div class=\"forminator-row forminator-row-last\"><div class=\"forminator-col\"><div class=\"forminator-field\"><button class=\"forminator-button forminator-button-submit\"><span>Enviar<\/span><span aria-hidden=\"true\"><\/span><\/button><\/div><\/div><\/div><input type=\"hidden\" id=\"forminator_nonce\" name=\"forminator_nonce\" value=\"f404fbc98e\" \/><input type=\"hidden\" name=\"_wp_http_referer\" value=\"\/es\/wp-json\/wp\/v2\/pages\/727\" \/><input type=\"hidden\" name=\"form_id\" value=\"479\"><input type=\"hidden\" name=\"page_id\" value=\"727\"><input type=\"hidden\" name=\"form_type\" value=\"default\"><input type=\"hidden\" name=\"current_url\" value=\"https:\/\/kozy.ec\/es\/laboratorio\/\"><input type=\"hidden\" name=\"render_id\" value=\"0\"><input type=\"hidden\" name=\"action\" value=\"forminator_submit_form_custom-forms\"><input type=\"hidden\" name=\"trp-form-language\" value=\"es\"\/><\/form>\n\t\t<\/div>\n\t<\/div>\n<\/div><\/div><\/div><\/div><\/div>\n<\/div>","protected":false},"excerpt":{"rendered":"Laboratorio Kozy Este es un espacio dise\u00f1ado para que nuestros clientes vivan una experiencia \u00fanica en dise\u00f1o de interiores. En","protected":false},"author":3,"featured_media":0,"parent":0,"menu_order":0,"comment_status":"closed","ping_status":"closed","template":"","meta":{"footnotes":""},"class_list":["post-727","page","type-page","status-publish","hentry"],"yoast_head":"<!-- This site is optimized with the Yoast SEO plugin v27.3 - https:\/\/yoast.com\/product\/yoast-seo-wordpress\/ -->\n<title>Laboratorio - Kozy<\/title>\n<meta name=\"robots\" content=\"index, follow, max-snippet:-1, max-image-preview:large, max-video-preview:-1\" \/>\n<link rel=\"canonical\" href=\"https:\/\/kozy.ec\/es\/laboratorio\/\" \/>\n<meta property=\"og:locale\" content=\"es_ES\" \/>\n<meta property=\"og:type\" content=\"article\" \/>\n<meta property=\"og:title\" content=\"Laboratorio - Kozy\" \/>\n<meta property=\"og:url\" content=\"https:\/\/kozy.ec\/es\/laboratorio\/\" \/>\n<meta property=\"og:site_name\" content=\"Kozy\" \/>\n<meta property=\"article:publisher\" content=\"https:\/\/www.facebook.com\/kozyecuador\" \/>\n<meta property=\"article:modified_time\" content=\"2024-12-10T13:52:06+00:00\" \/>\n<meta name=\"twitter:card\" content=\"summary_large_image\" \/>\n<meta name=\"twitter:label1\" content=\"Tiempo de lectura\" \/>\n\t<meta name=\"twitter:data1\" content=\"2 minutos\" \/>\n<script type=\"application\/ld+json\" class=\"yoast-schema-graph\">{\"@context\":\"https:\\\/\\\/schema.org\",\"@graph\":[{\"@type\":\"WebPage\",\"@id\":\"https:\\\/\\\/kozy.ec\\\/laboratorio\\\/\",\"url\":\"https:\\\/\\\/kozy.ec\\\/laboratorio\\\/\",\"name\":\"Laboratorio - Kozy\",\"isPartOf\":{\"@id\":\"https:\\\/\\\/kozy.ec\\\/#website\"},\"datePublished\":\"2024-12-05T03:17:41+00:00\",\"dateModified\":\"2024-12-10T13:52:06+00:00\",\"breadcrumb\":{\"@id\":\"https:\\\/\\\/kozy.ec\\\/laboratorio\\\/#breadcrumb\"},\"inLanguage\":\"es\",\"potentialAction\":[{\"@type\":\"ReadAction\",\"target\":[\"https:\\\/\\\/kozy.ec\\\/laboratorio\\\/\"]}]},{\"@type\":\"BreadcrumbList\",\"@id\":\"https:\\\/\\\/kozy.ec\\\/laboratorio\\\/#breadcrumb\",\"itemListElement\":[{\"@type\":\"ListItem\",\"position\":1,\"name\":\"Inicio\",\"item\":\"https:\\\/\\\/kozy.ec\\\/\"},{\"@type\":\"ListItem\",\"position\":2,\"name\":\"Laboratorio\"}]},{\"@type\":\"WebSite\",\"@id\":\"https:\\\/\\\/kozy.ec\\\/#website\",\"url\":\"https:\\\/\\\/kozy.ec\\\/\",\"name\":\"Kozy\",\"description\":\"Deco &amp; Seats\",\"publisher\":{\"@id\":\"https:\\\/\\\/kozy.ec\\\/#organization\"},\"potentialAction\":[{\"@type\":\"SearchAction\",\"target\":{\"@type\":\"EntryPoint\",\"urlTemplate\":\"https:\\\/\\\/kozy.ec\\\/?s={search_term_string}\"},\"query-input\":{\"@type\":\"PropertyValueSpecification\",\"valueRequired\":true,\"valueName\":\"search_term_string\"}}],\"inLanguage\":\"es\"},{\"@type\":\"Organization\",\"@id\":\"https:\\\/\\\/kozy.ec\\\/#organization\",\"name\":\"Kozy\",\"url\":\"https:\\\/\\\/kozy.ec\\\/\",\"logo\":{\"@type\":\"ImageObject\",\"inLanguage\":\"es\",\"@id\":\"https:\\\/\\\/kozy.ec\\\/#\\\/schema\\\/logo\\\/image\\\/\",\"url\":\"https:\\\/\\\/kozy.ec\\\/wp-content\\\/uploads\\\/2024\\\/11\\\/kozy-logo-web.png\",\"contentUrl\":\"https:\\\/\\\/kozy.ec\\\/wp-content\\\/uploads\\\/2024\\\/11\\\/kozy-logo-web.png\",\"width\":256,\"height\":80,\"caption\":\"Kozy\"},\"image\":{\"@id\":\"https:\\\/\\\/kozy.ec\\\/#\\\/schema\\\/logo\\\/image\\\/\"},\"sameAs\":[\"https:\\\/\\\/www.facebook.com\\\/kozyecuador\",\"https:\\\/\\\/www.instagram.com\\\/kozy.ec\",\"https:\\\/\\\/www.tiktok.com\\\/@kozy.ec\"]}]}<\/script>\n<!-- \/ Yoast SEO plugin. -->","yoast_head_json":{"title":"Laboratorio - Kozy","robots":{"index":"index","follow":"follow","max-snippet":"max-snippet:-1","max-image-preview":"max-image-preview:large","max-video-preview":"max-video-preview:-1"},"canonical":"https:\/\/kozy.ec\/es\/laboratorio\/","og_locale":"es_ES","og_type":"article","og_title":"Laboratorio - Kozy","og_url":"https:\/\/kozy.ec\/es\/laboratorio\/","og_site_name":"Kozy","article_publisher":"https:\/\/www.facebook.com\/kozyecuador","article_modified_time":"2024-12-10T13:52:06+00:00","twitter_card":"summary_large_image","twitter_misc":{"Tiempo de lectura":"2 minutos"},"schema":{"@context":"https:\/\/schema.org","@graph":[{"@type":"WebPage","@id":"https:\/\/kozy.ec\/laboratorio\/","url":"https:\/\/kozy.ec\/laboratorio\/","name":"Laboratorio - Kozy","isPartOf":{"@id":"https:\/\/kozy.ec\/#website"},"datePublished":"2024-12-05T03:17:41+00:00","dateModified":"2024-12-10T13:52:06+00:00","breadcrumb":{"@id":"https:\/\/kozy.ec\/laboratorio\/#breadcrumb"},"inLanguage":"es","potentialAction":[{"@type":"ReadAction","target":["https:\/\/kozy.ec\/laboratorio\/"]}]},{"@type":"BreadcrumbList","@id":"https:\/\/kozy.ec\/laboratorio\/#breadcrumb","itemListElement":[{"@type":"ListItem","position":1,"name":"Inicio","item":"https:\/\/kozy.ec\/"},{"@type":"ListItem","position":2,"name":"Laboratorio"}]},{"@type":"WebSite","@id":"https:\/\/kozy.ec\/#website","url":"https:\/\/kozy.ec\/","name":"Kozy","description":"Deco &amp; Seats","publisher":{"@id":"https:\/\/kozy.ec\/#organization"},"potentialAction":[{"@type":"SearchAction","target":{"@type":"EntryPoint","urlTemplate":"https:\/\/kozy.ec\/?s={search_term_string}"},"query-input":{"@type":"PropertyValueSpecification","valueRequired":true,"valueName":"search_term_string"}}],"inLanguage":"es"},{"@type":"Organization","@id":"https:\/\/kozy.ec\/#organization","name":"Kozy","url":"https:\/\/kozy.ec\/","logo":{"@type":"ImageObject","inLanguage":"es","@id":"https:\/\/kozy.ec\/#\/schema\/logo\/image\/","url":"https:\/\/kozy.ec\/wp-content\/uploads\/2024\/11\/kozy-logo-web.png","contentUrl":"https:\/\/kozy.ec\/wp-content\/uploads\/2024\/11\/kozy-logo-web.png","width":256,"height":80,"caption":"Kozy"},"image":{"@id":"https:\/\/kozy.ec\/#\/schema\/logo\/image\/"},"sameAs":["https:\/\/www.facebook.com\/kozyecuador","https:\/\/www.instagram.com\/kozy.ec","https:\/\/www.tiktok.com\/@kozy.ec"]}]}},"jetpack_sharing_enabled":true,"_links":{"self":[{"href":"https:\/\/kozy.ec\/es\/wp-json\/wp\/v2\/pages\/727","targetHints":{"allow":["GET"]}}],"collection":[{"href":"https:\/\/kozy.ec\/es\/wp-json\/wp\/v2\/pages"}],"about":[{"href":"https:\/\/kozy.ec\/es\/wp-json\/wp\/v2\/types\/page"}],"author":[{"embeddable":true,"href":"https:\/\/kozy.ec\/es\/wp-json\/wp\/v2\/users\/3"}],"replies":[{"embeddable":true,"href":"https:\/\/kozy.ec\/es\/wp-json\/wp\/v2\/comments?post=727"}],"version-history":[{"count":11,"href":"https:\/\/kozy.ec\/es\/wp-json\/wp\/v2\/pages\/727\/revisions"}],"predecessor-version":[{"id":1026,"href":"https:\/\/kozy.ec\/es\/wp-json\/wp\/v2\/pages\/727\/revisions\/1026"}],"wp:attachment":[{"href":"https:\/\/kozy.ec\/es\/wp-json\/wp\/v2\/media?parent=727"}],"curies":[{"name":"wp","href":"https:\/\/api.w.org\/{rel}","templated":true}]}}