{"id":967,"date":"2024-12-09T20:08:42","date_gmt":"2024-12-09T20:08:42","guid":{"rendered":"https:\/\/kozy.ec\/?page_id=967"},"modified":"2024-12-09T20:11:04","modified_gmt":"2024-12-09T20:11:04","slug":"difiere-tus-compras","status":"publish","type":"page","link":"https:\/\/kozy.ec\/es\/difiere-tus-compras\/","title":{"rendered":"Difiere tus compras"},"content":{"rendered":"<div class=\"wpb-content-wrapper\"><div class=\"vc_row wpb_row vc_row-fluid\"><div class=\"wpb_column vc_column_container vc_col-sm-12\"><div class=\"vc_column-inner\"><div class=\"wpb_wrapper\">\n\t<div class=\"wpb_text_column wpb_content_element\" >\n\t\t<div class=\"wpb_wrapper\">\n\t\t\t<p class=\"p1\"><b>Compra con facilidad y sin preocupaciones<\/b><b><\/b><\/p>\n<p class=\"p1\">En nuestra tienda, tanto f\u00edsica como virtual, te ofrecemos la posibilidad de diferir tus compras sin intereses. Esto significa que puedes llevarte tus muebles y accesorios favoritos mientras pagas en cuotas c\u00f3modas, sin ning\u00fan cargo adicional. Dise\u00f1amos esta opci\u00f3n pensando en facilitar tus proyectos de decoraci\u00f3n, permiti\u00e9ndote invertir en dise\u00f1o de alta calidad sin comprometer tu presupuesto.<\/p>\n<p class=\"p1\">Ya sea que elijas visitar nuestra tienda para experimentar cada detalle de los productos o prefieras comprar desde la comodidad de tu hogar, nuestra opci\u00f3n de financiamiento sin intereses est\u00e1 disponible para ti. Queremos que transformar tus espacios sea una experiencia accesible y sin limitaciones. \u00a1El dise\u00f1o de tus sue\u00f1os nunca hab\u00eda estado tan cerca!<\/p>\n\n\t\t<\/div>\n\t<\/div>\n<div id=\"wd-67574ec9f0bb4\" class=\"wd-rs-67574ec9f0bb4 vc_custom_1733775062323 wd-button-wrapper text-center\"><a href=\"https:\/\/kozy.ec\/es\/tienda\/\" title=\"Tienda\" class=\"btn btn-color-primary btn-style-default btn-style-round btn-size-default\">Ver Productos<\/a><\/div><\/div><\/div><\/div><\/div>\n<\/div>","protected":false},"excerpt":{"rendered":"Compra con facilidad y sin preocupaciones En nuestra tienda, tanto f\u00edsica como virtual, te ofrecemos la posibilidad de diferir tus","protected":false},"author":3,"featured_media":0,"parent":0,"menu_order":0,"comment_status":"closed","ping_status":"closed","template":"","meta":{"footnotes":""},"class_list":["post-967","page","type-page","status-publish","hentry"],"yoast_head":"<!-- This site is optimized with the Yoast SEO plugin v27.3 - https:\/\/yoast.com\/product\/yoast-seo-wordpress\/ -->\n<title>Difiere tus compras - Kozy<\/title>\n<meta name=\"robots\" content=\"index, follow, max-snippet:-1, max-image-preview:large, max-video-preview:-1\" \/>\n<link rel=\"canonical\" href=\"https:\/\/kozy.ec\/es\/difiere-tus-compras\/\" \/>\n<meta property=\"og:locale\" content=\"es_ES\" \/>\n<meta property=\"og:type\" content=\"article\" \/>\n<meta property=\"og:title\" content=\"Difiere tus compras - Kozy\" \/>\n<meta property=\"og:url\" content=\"https:\/\/kozy.ec\/es\/difiere-tus-compras\/\" \/>\n<meta property=\"og:site_name\" content=\"Kozy\" \/>\n<meta property=\"article:publisher\" content=\"https:\/\/www.facebook.com\/kozyecuador\" \/>\n<meta property=\"article:modified_time\" content=\"2024-12-09T20:11:04+00:00\" \/>\n<meta name=\"twitter:card\" content=\"summary_large_image\" \/>\n<meta name=\"twitter:label1\" content=\"Tiempo de lectura\" \/>\n\t<meta name=\"twitter:data1\" content=\"1 minuto\" \/>\n<script type=\"application\/ld+json\" class=\"yoast-schema-graph\">{\"@context\":\"https:\\\/\\\/schema.org\",\"@graph\":[{\"@type\":\"WebPage\",\"@id\":\"https:\\\/\\\/kozy.ec\\\/difiere-tus-compras\\\/\",\"url\":\"https:\\\/\\\/kozy.ec\\\/difiere-tus-compras\\\/\",\"name\":\"Difiere tus compras - Kozy\",\"isPartOf\":{\"@id\":\"https:\\\/\\\/kozy.ec\\\/#website\"},\"datePublished\":\"2024-12-09T20:08:42+00:00\",\"dateModified\":\"2024-12-09T20:11:04+00:00\",\"breadcrumb\":{\"@id\":\"https:\\\/\\\/kozy.ec\\\/difiere-tus-compras\\\/#breadcrumb\"},\"inLanguage\":\"es\",\"potentialAction\":[{\"@type\":\"ReadAction\",\"target\":[\"https:\\\/\\\/kozy.ec\\\/difiere-tus-compras\\\/\"]}]},{\"@type\":\"BreadcrumbList\",\"@id\":\"https:\\\/\\\/kozy.ec\\\/difiere-tus-compras\\\/#breadcrumb\",\"itemListElement\":[{\"@type\":\"ListItem\",\"position\":1,\"name\":\"Inicio\",\"item\":\"https:\\\/\\\/kozy.ec\\\/\"},{\"@type\":\"ListItem\",\"position\":2,\"name\":\"Difiere tus compras\"}]},{\"@type\":\"WebSite\",\"@id\":\"https:\\\/\\\/kozy.ec\\\/#website\",\"url\":\"https:\\\/\\\/kozy.ec\\\/\",\"name\":\"Kozy\",\"description\":\"Deco &amp; Seats\",\"publisher\":{\"@id\":\"https:\\\/\\\/kozy.ec\\\/#organization\"},\"potentialAction\":[{\"@type\":\"SearchAction\",\"target\":{\"@type\":\"EntryPoint\",\"urlTemplate\":\"https:\\\/\\\/kozy.ec\\\/?s={search_term_string}\"},\"query-input\":{\"@type\":\"PropertyValueSpecification\",\"valueRequired\":true,\"valueName\":\"search_term_string\"}}],\"inLanguage\":\"es\"},{\"@type\":\"Organization\",\"@id\":\"https:\\\/\\\/kozy.ec\\\/#organization\",\"name\":\"Kozy\",\"url\":\"https:\\\/\\\/kozy.ec\\\/\",\"logo\":{\"@type\":\"ImageObject\",\"inLanguage\":\"es\",\"@id\":\"https:\\\/\\\/kozy.ec\\\/#\\\/schema\\\/logo\\\/image\\\/\",\"url\":\"https:\\\/\\\/kozy.ec\\\/wp-content\\\/uploads\\\/2024\\\/11\\\/kozy-logo-web.png\",\"contentUrl\":\"https:\\\/\\\/kozy.ec\\\/wp-content\\\/uploads\\\/2024\\\/11\\\/kozy-logo-web.png\",\"width\":256,\"height\":80,\"caption\":\"Kozy\"},\"image\":{\"@id\":\"https:\\\/\\\/kozy.ec\\\/#\\\/schema\\\/logo\\\/image\\\/\"},\"sameAs\":[\"https:\\\/\\\/www.facebook.com\\\/kozyecuador\",\"https:\\\/\\\/www.instagram.com\\\/kozy.ec\",\"https:\\\/\\\/www.tiktok.com\\\/@kozy.ec\"]}]}<\/script>\n<!-- \/ Yoast SEO plugin. -->","yoast_head_json":{"title":"Difiere tus compras - Kozy","robots":{"index":"index","follow":"follow","max-snippet":"max-snippet:-1","max-image-preview":"max-image-preview:large","max-video-preview":"max-video-preview:-1"},"canonical":"https:\/\/kozy.ec\/es\/difiere-tus-compras\/","og_locale":"es_ES","og_type":"article","og_title":"Difiere tus compras - Kozy","og_url":"https:\/\/kozy.ec\/es\/difiere-tus-compras\/","og_site_name":"Kozy","article_publisher":"https:\/\/www.facebook.com\/kozyecuador","article_modified_time":"2024-12-09T20:11:04+00:00","twitter_card":"summary_large_image","twitter_misc":{"Tiempo de lectura":"1 minuto"},"schema":{"@context":"https:\/\/schema.org","@graph":[{"@type":"WebPage","@id":"https:\/\/kozy.ec\/difiere-tus-compras\/","url":"https:\/\/kozy.ec\/difiere-tus-compras\/","name":"Difiere tus compras - Kozy","isPartOf":{"@id":"https:\/\/kozy.ec\/#website"},"datePublished":"2024-12-09T20:08:42+00:00","dateModified":"2024-12-09T20:11:04+00:00","breadcrumb":{"@id":"https:\/\/kozy.ec\/difiere-tus-compras\/#breadcrumb"},"inLanguage":"es","potentialAction":[{"@type":"ReadAction","target":["https:\/\/kozy.ec\/difiere-tus-compras\/"]}]},{"@type":"BreadcrumbList","@id":"https:\/\/kozy.ec\/difiere-tus-compras\/#breadcrumb","itemListElement":[{"@type":"ListItem","position":1,"name":"Inicio","item":"https:\/\/kozy.ec\/"},{"@type":"ListItem","position":2,"name":"Difiere tus compras"}]},{"@type":"WebSite","@id":"https:\/\/kozy.ec\/#website","url":"https:\/\/kozy.ec\/","name":"Kozy","description":"Deco &amp; Seats","publisher":{"@id":"https:\/\/kozy.ec\/#organization"},"potentialAction":[{"@type":"SearchAction","target":{"@type":"EntryPoint","urlTemplate":"https:\/\/kozy.ec\/?s={search_term_string}"},"query-input":{"@type":"PropertyValueSpecification","valueRequired":true,"valueName":"search_term_string"}}],"inLanguage":"es"},{"@type":"Organization","@id":"https:\/\/kozy.ec\/#organization","name":"Kozy","url":"https:\/\/kozy.ec\/","logo":{"@type":"ImageObject","inLanguage":"es","@id":"https:\/\/kozy.ec\/#\/schema\/logo\/image\/","url":"https:\/\/kozy.ec\/wp-content\/uploads\/2024\/11\/kozy-logo-web.png","contentUrl":"https:\/\/kozy.ec\/wp-content\/uploads\/2024\/11\/kozy-logo-web.png","width":256,"height":80,"caption":"Kozy"},"image":{"@id":"https:\/\/kozy.ec\/#\/schema\/logo\/image\/"},"sameAs":["https:\/\/www.facebook.com\/kozyecuador","https:\/\/www.instagram.com\/kozy.ec","https:\/\/www.tiktok.com\/@kozy.ec"]}]}},"jetpack_sharing_enabled":true,"_links":{"self":[{"href":"https:\/\/kozy.ec\/es\/wp-json\/wp\/v2\/pages\/967","targetHints":{"allow":["GET"]}}],"collection":[{"href":"https:\/\/kozy.ec\/es\/wp-json\/wp\/v2\/pages"}],"about":[{"href":"https:\/\/kozy.ec\/es\/wp-json\/wp\/v2\/types\/page"}],"author":[{"embeddable":true,"href":"https:\/\/kozy.ec\/es\/wp-json\/wp\/v2\/users\/3"}],"replies":[{"embeddable":true,"href":"https:\/\/kozy.ec\/es\/wp-json\/wp\/v2\/comments?post=967"}],"version-history":[{"count":2,"href":"https:\/\/kozy.ec\/es\/wp-json\/wp\/v2\/pages\/967\/revisions"}],"predecessor-version":[{"id":969,"href":"https:\/\/kozy.ec\/es\/wp-json\/wp\/v2\/pages\/967\/revisions\/969"}],"wp:attachment":[{"href":"https:\/\/kozy.ec\/es\/wp-json\/wp\/v2\/media?parent=967"}],"curies":[{"name":"wp","href":"https:\/\/api.w.org\/{rel}","templated":true}]}}